{"id":2772,"date":"2019-11-26T10:47:12","date_gmt":"2019-11-26T08:47:12","guid":{"rendered":"https:\/\/grc.cat\/documentacion\/acceptacio\/"},"modified":"2026-01-15T17:02:04","modified_gmt":"2026-01-15T15:02:04","slug":"aceptacion","status":"publish","type":"page","link":"https:\/\/www.grc.cat\/es\/documentacion\/aceptacion\/","title":{"rendered":"Documento de aceptaci\u00f3n de residuos de la construcci\u00f3n y\/o demolici\u00f3n"},"content":{"rendered":"<div id='av_section_1'  class='avia-section av-1domy-e56c7925d8f54b34e8c03d5365f1c08b main_color avia-section-default avia-no-border-styling  avia-builder-el-0  el_before_av_section  avia-builder-el-first  avia-bg-style-scroll container_wrap fullsize'  ><div class='container av-section-cont-open' ><main  role=\"main\" itemprop=\"mainContentOfPage\"  class='template-page content  av-content-full alpha units'><div class='post-entry post-entry-type-page post-entry-2772'><div class='entry-content-wrapper clearfix'>\n<div class='flex_column_table av-jz1ewjgv-a633b8258a3a3f569eaeb1a8316b22f6 sc-av_one_fourth av-equal-height-column-flextable'>\n<style type=\"text\/css\" data-created_by=\"avia_inline_auto\" id=\"style-css-av-jz1ewjgv-a633b8258a3a3f569eaeb1a8316b22f6\">\n.flex_column.av-jz1ewjgv-a633b8258a3a3f569eaeb1a8316b22f6{\nborder-radius:0px 0px 0px 0px;\npadding:0px 0px 0px 0px;\n}\n<\/style>\n<div  class='flex_column av-jz1ewjgv-a633b8258a3a3f569eaeb1a8316b22f6 av_one_fourth  avia-builder-el-1  el_before_av_three_fourth  avia-builder-el-first  first flex_column_table_cell av-equal-height-column av-align-middle av-zero-column-padding  '     ><style type=\"text\/css\" data-created_by=\"avia_inline_auto\" id=\"style-css-av-k5i38mj0-2ce7c7e7069ea6fe7ce79d0222faa415\">\n.avia-image-container.av-k5i38mj0-2ce7c7e7069ea6fe7ce79d0222faa415 img.avia_image{\nbox-shadow:none;\n}\n.avia-image-container.av-k5i38mj0-2ce7c7e7069ea6fe7ce79d0222faa415 .av-image-caption-overlay-center{\ncolor:#ffffff;\n}\n<\/style>\n<div  class='avia-image-container av-k5i38mj0-2ce7c7e7069ea6fe7ce79d0222faa415 av-styling- avia-align-center  avia-builder-el-2  avia-builder-el-no-sibling '   itemprop=\"image\" itemscope=\"itemscope\" itemtype=\"https:\/\/schema.org\/ImageObject\" ><div class=\"avia-image-container-inner\"><div class=\"avia-image-overlay-wrap\"><img decoding=\"async\" fetchpriority=\"high\" class='wp-image-2639 avia-img-lazy-loading-not-2639 avia_image ' src=\"https:\/\/www.grc.cat\/wp-content\/uploads\/document-acceptacio-ok2-180x180.png\" alt='' title='document-acceptacio-ok2'  height=\"180\" width=\"180\"  itemprop=\"thumbnailUrl\" srcset=\"https:\/\/www.grc.cat\/wp-content\/uploads\/document-acceptacio-ok2-180x180.png 180w, https:\/\/www.grc.cat\/wp-content\/uploads\/document-acceptacio-ok2-80x80.png 80w, https:\/\/www.grc.cat\/wp-content\/uploads\/document-acceptacio-ok2-36x36.png 36w, https:\/\/www.grc.cat\/wp-content\/uploads\/document-acceptacio-ok2-120x120.png 120w, https:\/\/www.grc.cat\/wp-content\/uploads\/document-acceptacio-ok2.png 300w\" sizes=\"(max-width: 180px) 100vw, 180px\" \/><\/div><\/div><\/div><\/div><div class='av-flex-placeholder'><\/div>\n<style type=\"text\/css\" data-created_by=\"avia_inline_auto\" id=\"style-css-av-12uqu-7be3fcfa3409fee28aaece5f64a86f70\">\n.flex_column.av-12uqu-7be3fcfa3409fee28aaece5f64a86f70{\nborder-radius:0px 0px 0px 0px;\npadding:0px 0px 0px 0px;\n}\n<\/style>\n<div  class='flex_column av-12uqu-7be3fcfa3409fee28aaece5f64a86f70 av_three_fourth  avia-builder-el-3  el_after_av_one_fourth  avia-builder-el-last  flex_column_table_cell av-equal-height-column av-align-middle av-zero-column-padding  '     ><style type=\"text\/css\" data-created_by=\"avia_inline_auto\" id=\"style-css-av-jyzxjcx7-837ea81b32a3d6a1c764f41a59101cd4\">\n#top .av_textblock_section.av-jyzxjcx7-837ea81b32a3d6a1c764f41a59101cd4 .avia_textblock{\nfont-size:24px;\n}\n<\/style>\n<section  class='av_textblock_section av-jyzxjcx7-837ea81b32a3d6a1c764f41a59101cd4 '   itemscope=\"itemscope\" itemtype=\"https:\/\/schema.org\/CreativeWork\" ><div class='avia_textblock av_inherit_color'  itemprop=\"text\" ><h5 style=\"text-align: left;\">Solicitud de documentaci\u00f3n online<\/h5>\n<\/div><\/section><br \/>\n\n<style type=\"text\/css\" data-created_by=\"avia_inline_auto\" id=\"style-css-av-k5i32bmv-58814a4472a3f9993d5d9b460c0030b5\">\n#top .hr.hr-invisible.av-k5i32bmv-58814a4472a3f9993d5d9b460c0030b5{\nheight:10px;\n}\n<\/style>\n<div  class='hr av-k5i32bmv-58814a4472a3f9993d5d9b460c0030b5 hr-invisible  avia-builder-el-5  el_after_av_textblock  el_before_av_textblock '><span class='hr-inner '><span class=\"hr-inner-style\"><\/span><\/span><\/div><br \/>\n<section  class='av_textblock_section av-jyzxjcx7-680e302cf8cf1ddc0d6774230d374219 '   itemscope=\"itemscope\" itemtype=\"https:\/\/schema.org\/CreativeWork\" ><div class='avia_textblock av_inherit_color'  itemprop=\"text\" ><h2 style=\"text-align: left;\">Documento de aceptaci\u00f3n de residuos de la construcci\u00f3n y\/o demolici\u00f3n<\/h2>\n<p>El documento de aceptaci\u00f3n de residuos de la construcci\u00f3n y\/o demolici\u00f3n es el documento que el promotor debe presentar al Ayuntamiento al hacer la solicitud de licencia de obras. Para obtenerlo se debe depositar una fianza.<\/p>\n<p><strong>El servicio de gesti\u00f3n documental se ofrece de manera gratuita.<\/strong><\/p>\n<p><strong>El plazo previsto para la tramitaci\u00f3n de los documentos de aceptaci\u00f3n es de un m\u00ednimo de dos o tres d\u00edas h\u00e1biles a contar desde el momento en que se hace efectivo el pago del dep\u00f3sito de garant\u00eda.<\/strong><\/p>\n<\/div><\/section><\/p><\/div><\/div><!--close column table wrapper. Autoclose: 1 --><\/div><\/div><\/main><!-- close content main element --><\/div><\/div>\n<style type=\"text\/css\" data-created_by=\"avia_inline_auto\" id=\"style-css-av-3j3yh-731c0a71208c22b527ace50b0084b4e6\">\n.avia-section.av-3j3yh-731c0a71208c22b527ace50b0084b4e6{\nbackground-color:#f2f2f2;\nbackground-image:unset;\n}\n<\/style>\n<div id='av_section_2'  class='avia-section av-3j3yh-731c0a71208c22b527ace50b0084b4e6 main_color avia-section-default avia-no-border-styling  avia-builder-el-7  el_after_av_section  avia-builder-el-last  avia-bg-style-scroll container_wrap fullsize'  ><div class='container av-section-cont-open' ><div class='template-page content  av-content-full alpha units'><div class='post-entry post-entry-type-page post-entry-2772'><div class='entry-content-wrapper clearfix'>\n\n<style type=\"text\/css\" data-created_by=\"avia_inline_auto\" id=\"style-css-av-2q9rh-f9ace8f0efd5574f53f318de33aa3a6e\">\n.flex_column.av-2q9rh-f9ace8f0efd5574f53f318de33aa3a6e{\nborder-radius:0px 0px 0px 0px;\npadding:10px 10px 10px 10px;\n}\n<\/style>\n<div  class='flex_column av-2q9rh-f9ace8f0efd5574f53f318de33aa3a6e av_one_fourth  avia-builder-el-8  el_before_av_two_third  avia-builder-el-first  first flex_column_div avia-link-column av-column-link  '    data-link-column-url=\"https:\/\/www.grc.cat\/documentacio\/\"   ><a class=\"av-screen-reader-only\" href=https:\/\/www.grc.cat\/documentacio\/ >Link to: Documentaci\u00f3<\/a><style type=\"text\/css\" data-created_by=\"avia_inline_auto\" id=\"style-css-av-jyzxjcx7-c2b40833f5a14b79bdf92da42ff87ac9\">\n#top .av_textblock_section.av-jyzxjcx7-c2b40833f5a14b79bdf92da42ff87ac9 .avia_textblock{\nfont-size:18px;\n}\n<\/style>\n<section  class='av_textblock_section av-jyzxjcx7-c2b40833f5a14b79bdf92da42ff87ac9 '   itemscope=\"itemscope\" itemtype=\"https:\/\/schema.org\/CreativeWork\" ><div class='avia_textblock av_inherit_color'  itemprop=\"text\" ><h3 style=\"text-align: right;\">Documento de aceptaci\u00f3n de residuos de la construcci\u00f3n y\/o demolici\u00f3n<\/h3>\n<\/div><\/section><\/div>\n<style type=\"text\/css\" data-created_by=\"avia_inline_auto\" id=\"style-css-av-2q9rh-7849041b8fc8fd7f808f3687d31a05dd\">\n.flex_column.av-2q9rh-7849041b8fc8fd7f808f3687d31a05dd{\nborder-radius:0px 0px 0px 0px;\npadding:10px 10px 10px 10px;\n}\n<\/style>\n<div  class='flex_column av-2q9rh-7849041b8fc8fd7f808f3687d31a05dd av_two_third  avia-builder-el-10  el_after_av_one_fourth  avia-builder-el-last  flex_column_div  '     ><section  class='av_textblock_section av-k3fmcthq-38e4942eadf619e5919aef1f2c77459c '   itemscope=\"itemscope\" itemtype=\"https:\/\/schema.org\/CreativeWork\" ><div class='avia_textblock'  itemprop=\"text\" ><form action=\"\/carga-aceptacion\" method=\"post\" class=\" av-form-labels-visible   avia-builder-el-11  el_before_av_textblock  avia-builder-el-first formulario_a_medida\" data-avia-form-id=\"1\"><fieldset><div id=\"avia_1_1\" class=\"av-form-text\"><h5>Descargue el protocolo de condiciones<\/h5>\n        <a class=\"boton_descargar\" href=\"https:\/\/www.grc.cat\/wp-content\/themes\/enfold-child\/descargas\/protocol_de_condicions_emissio_DAR.pdf\" target=\"_blank\"><span class=\"avia_button_icon avia_button_icon_left avia-iconfont avia-font-entypo-fontello\" data-av_icon=\"\ue82d\" data-av_iconfont=\"entypo-fontello\"><\/span>Descargar<\/a>\n        <p class=\" first_form  form_element form_fullwidth\" id=\"element_avia_2_1\"><label><input type=\"checkbox\" required=\"\" name=\"aceptacion_legales\"><span>He descargado el protocolo de condiciones <strong><\/strong><\/span><br><br><\/label><\/<\/p><\/div>\n\n    <\/fieldset>\n    <input type=\"hidden\" value=\"es\" name=\"idioma\"\/>\n    <fieldset><div id=\"avia_1_1\" class=\"av-form-text\"><h5>2. Seleccione un gestor autoritzado<\/h5>\n<\/div><p class=\" first_form  form_element form_fullwidth\" id=\"element_avia_2_1\"><label for=\"avia_2_1\"><\/label> <select name=\"diposit\" class=\"select\" id=\"diposit\" required><option value=\"\">Seleccionar<\/option><option value=\"717\">Dip\u00f2sit controlat i planta de reciclatge de Amposta - Montsi\u00e0<\/option><option value=\"1229\">Dip\u00f2sit controlat de Cervera - Segarra<\/option><option value=\"1252\">Dip\u00f2sit controlat i planta de reciclatge de Ferran (Tarragona) - Tarragon\u00e8s<\/option><option value=\"1698\">Planta de reciclatge de Les Franqueses del Vall\u00e8s - Vall\u00e8s Oriental<\/option><option value=\"1112\">Dip\u00f2sit controlat i planta de reciclatge de Llinars del Vall\u00e8s - Vall\u00e8s Oriental<\/option><option value=\"1120\">Planta de reciclatge de Manlleu - Osona<\/option><option value=\"1078\">Dip\u00f2sit controlat i planta de reciclatge de Ol\u00e8rdola - Alt Pened\u00e8s<\/option><option value=\"1066\">Planta de reciclatge de Port de Barcelona - \u00c0rea Metropolitana<\/option><option value=\"1266\">Dip\u00f2sit controlat i planta de reciclatge de Vinebre - Ribera d'Ebre<\/option><option value=\"1280\">Dip\u00f2sit controlat i planta de reciclatge de Vinyols i els Arcs - Baix Camp<\/option><\/select><\/p><div id=\"avia_3_1\" class=\"av-form-text\"><div style=\"height:50px\" class=\"hr hr-invisible   avia-builder-el-12  el_before_av_hr  avia-builder-el-first  \"><span class=\"hr-inner \"><span class=\"hr-inner-style\"><\/span><\/span><\/div>\n<div class=\"anular_peralada\">Para hacer la solicitud de documentaci\u00f3n para el Dep\u00f3sito controlado y planta de reciclaje de Peralada deben dirigirse a <a href='https:\/\/runesterranegra.com\/ca\/index.php' target='_blank'>Dep\u00f3sito de Runa Terra Negra<\/a><\/div>\n<h5><strong>3. Datos Propietario \/ Promotor de la obra:<\/strong><\/h5>\n<\/div><p class=\" first_form  form_element form_element_three_fourth\" id=\"element_avia_4_1\"><input name=\"nompropietaripromotor\" class=\"text_input \" type=\"text\" id=\"nompropietaripromotor\" value=\"\" placeholder=\"Raz\u00f3n social \/ Nombre*\" required><\/p><p class=\" first_form  form_element form_fullwidth\" id=\"element_avia_6_1\"><input name=\"adreca\" class=\"text_input \" type=\"text\" id=\"adreca\" value=\"\" placeholder=\"Direcci\u00f3n*\" required><\/p><p class=\" first_form  form_element form_element_half form_mitad\" id=\"element_avia_7_1\"><input name=\"poblacio\" class=\"text_input \" type=\"text\" id=\"poblacio\" value=\"\" placeholder=\"Poblaci\u00f3n*\" required><\/p><p class=\" form_element form_element_fourth form_mitad\" id=\"element_avia_8_1\"><input name=\"cp\" class=\"text_input \" type=\"text\" id=\"cp\" value=\"\" placeholder=\"C\u00f3digo postal*\" required><\/p><p class=\" form_element form_element_fourth form_mitad\" id=\"element_avia_9_1\"><input name=\"tel\" class=\"text_input \" type=\"text\" id=\"tel\" value=\"\" placeholder=\"Tel\u00e9fono*\" required><\/p><p class=\" form_element form_element_fourth form_mitad\" id=\"element_avia_5_1\"><input name=\"dninif\" class=\"text_input \" type=\"text\" id=\"dninif\" value=\"\" placeholder=\"NIF\/DNI*\" required><\/p><div id=\"avia_10_1\" class=\"av-form-text\"><div style=\"height:50px\" class=\"hr hr-invisible   avia-builder-el-13  el_after_av_hr  el_before_av_hr  \"><span class=\"hr-inner \"><span class=\"hr-inner-style\"><\/span><\/span><\/div>\n<h5 style=\"text-align: left;\">4. Datos de la obra:<\/h5>\n<\/div><p class=\" first_form  form_element form_fullwidth form_mitad\" id=\"element_avia_11_1\"><input name=\"adreca_obra\" class=\"text_input \" type=\"text\" id=\"adreca_obra\" value=\"\" placeholder=\"Direcci\u00f3n de la obra*\" required><\/p><p class=\" first_form  form_element form_fullwidth form_mitad\" id=\"element_avia_12_1\"><input name=\"poblacio_obra\" class=\"text_input \" type=\"text\" id=\"poblacio_obra\" value=\"\" placeholder=\"Municipio de la obra*\" required><\/p>\n<p class=\" first_form  form_element form_element_half form_mitad\" id=\"element_avia_13_1\"><input name=\"volum_residus\" class=\"text_input \" type=\"text\" id=\"volum_residus\" value=\"\" placeholder=\"Toneladas de escombros previstas en el estudio de gesti\u00f3n*\" required><\/p>\n<p class=\" form_element form_element_half form_mitad\" id=\"element_avia_14_1\"><input readonly name=\"import\" class=\"text_input\" type=\"text\" id=\"import\" value=\"\" placeholder=\"Importe del dep\u00f3sito\" required><\/p>\n\n<div id=\"avia_15_1\" class=\"av-form-text\"><p style=\"margin: -10px 0 20px;\"><em>El importe del dep\u00f3sito se fija por ley en 11 \u20ac\/tonelada de residuos previstos en el estudio de gesti\u00f3n, con un m\u00ednimo de 150\u20ac.<\/em><\/p>\n\n\n<p class=\" first_form  form_element form_element_half form_mitad\" id=\"element_avia_13_1\"><input name=\"volum_terres\" class=\"text_input \" type=\"text\" id=\"volum_terres\" value=\"\" placeholder=\"Toneladas de tierras valorizables previstas en el estudio de gesti\u00f3n*\" required><\/p>\n\n<div id=\"avia_15_1\" class=\"av-form-text\"><p style=\"margin: -10px 0 20px;\"><em>Las tierras valorizables est\u00e1n exentas del pago del dep\u00f3sito seg\u00fan el art\u00edculo 3 del Decreto 89\/2010.<\/em><\/p>\n\n\n<div style=\"height:50px\" class=\"hr hr-invisible   avia-builder-el-14  el_after_av_hr  avia-builder-el-last  \"><span class=\"hr-inner \"><span class=\"hr-inner-style\"><\/span><\/span><\/div>\n<\/div><div id=\"avia_16_1\" class=\"av-form-text\"><h5 style=\"text-align: left;\"><strong>Direcci\u00f3n donde enviar el documento<\/strong><\/h5>\n<\/div><p class=\" first_form  form_element form_element_half\" id=\"element_avia_17_1\"><input name=\"email\" class=\"text_input is_email\" type=\"text\" id=\"email\" value=\"\" required placeholder=\"Email*\" required><\/p><p class=\" first_form  form_element form_fullwidth av-last-visible-form-element\" id=\"element_avia_18_1\">  <textarea name=\"comentaris\" class=\"text_area \" cols=\"40\" rows=\"7\" id=\"comentaris\" placeholder=\"Comentarios\"><\/textarea><\/p>\n\n<p class=\" first_form  form_element form_element_half\" id=\"element_avia_17_1\">\n    <div class=\"txt_aceptacion_legales\">\n    <\/div>\n<\/p>\n\n\n\n\n\n<p class=\"hidden\"><input type=\"hidden\" name=\"id_post\" value=\"\"><\/p>\n\n<div><div class=\"g-recaptcha\" data-sitekey=\"6Lfgi08qAAAAAHyKYPvlTm8TxmaSVuc5zS6KNB0I\"  data-callback=\"correctCaptcha\"><\/div>\n\n<p class=\"form_element \"><input type=\"submit\" name=\"submitForm\" value=\"Enviar\" class=\"button\" data-sending-label=\"Enviant\"><\/p><\/fieldset><\/form>\n<\/div><\/section><\/div>\n<\/p>\n","protected":false},"excerpt":{"rendered":"","protected":false},"author":3,"featured_media":0,"parent":2738,"menu_order":0,"comment_status":"closed","ping_status":"closed","template":"","meta":{"_acf_changed":false,"footnotes":""},"class_list":["post-2772","page","type-page","status-publish","hentry"],"acf":[],"_links":{"self":[{"href":"https:\/\/www.grc.cat\/es\/wp-json\/wp\/v2\/pages\/2772","targetHints":{"allow":["GET"]}}],"collection":[{"href":"https:\/\/www.grc.cat\/es\/wp-json\/wp\/v2\/pages"}],"about":[{"href":"https:\/\/www.grc.cat\/es\/wp-json\/wp\/v2\/types\/page"}],"author":[{"embeddable":true,"href":"https:\/\/www.grc.cat\/es\/wp-json\/wp\/v2\/users\/3"}],"replies":[{"embeddable":true,"href":"https:\/\/www.grc.cat\/es\/wp-json\/wp\/v2\/comments?post=2772"}],"version-history":[{"count":4,"href":"https:\/\/www.grc.cat\/es\/wp-json\/wp\/v2\/pages\/2772\/revisions"}],"predecessor-version":[{"id":4735,"href":"https:\/\/www.grc.cat\/es\/wp-json\/wp\/v2\/pages\/2772\/revisions\/4735"}],"up":[{"embeddable":true,"href":"https:\/\/www.grc.cat\/es\/wp-json\/wp\/v2\/pages\/2738"}],"wp:attachment":[{"href":"https:\/\/www.grc.cat\/es\/wp-json\/wp\/v2\/media?parent=2772"}],"curies":[{"name":"wp","href":"https:\/\/api.w.org\/{rel}","templated":true}]}}