{"id":2738,"date":"2019-08-06T16:50:17","date_gmt":"2019-08-06T14:50:17","guid":{"rendered":"https:\/\/grc.cat\/documentacio\/"},"modified":"2026-04-28T16:51:21","modified_gmt":"2026-04-28T14:51:21","slug":"documentacion","status":"publish","type":"page","link":"https:\/\/www.grc.cat\/es\/documentacion\/","title":{"rendered":"Documentaci\u00f3n"},"content":{"rendered":"<div id='full_slider_1'  class='avia-fullwidth-slider main_color avia-shadow av-small-hide av-mini-hide  avia-builder-el-0  el_before_av_section  avia-builder-el-first   container_wrap fullsize'  >\n<style type=\"text\/css\" data-created_by=\"avia_inline_auto\" id=\"style-css-av-jyy965mu-b06a94138aa1865bb061ac27f35083eb\">\n#top #wrap_all .avia-slideshow .av-slideshow-caption.av-jyy965mu-b06a94138aa1865bb061ac27f35083eb__0 .avia-caption-title{\nfont-size:50px;\n}\n<\/style>\n<div  class='avia-slideshow av-jyy965mu-b06a94138aa1865bb061ac27f35083eb avia-slideshow-no scaling av_slideshow_full avia-fade-slider av-small-hide av-mini-hide av-slideshow-ui av-control-default av-slideshow-autoplay av-loop-endless av-loop-manual-endless av-default-height-applied   avia-slideshow-1' data-slideshow-options=\"{&quot;animation&quot;:&quot;fade&quot;,&quot;autoplay&quot;:true,&quot;loop_autoplay&quot;:&quot;endless&quot;,&quot;interval&quot;:5,&quot;loop_manual&quot;:&quot;manual-endless&quot;,&quot;autoplay_stopper&quot;:false,&quot;noNavigation&quot;:false,&quot;bg_slider&quot;:false,&quot;keep_padding&quot;:false,&quot;hoverpause&quot;:false,&quot;show_slide_delay&quot;:0}\"  itemprop=\"image\" itemscope=\"itemscope\" itemtype=\"https:\/\/schema.org\/ImageObject\" ><ul class='avia-slideshow-inner ' style='padding-bottom: 20%;'><li  class='avia-slideshow-slide av-jyy965mu-b06a94138aa1865bb061ac27f35083eb__0  av-single-slide slide-1 slide-odd'><div data-rel='slideshow-1' class='avia-slide-wrap '   ><div class='av-slideshow-caption av-jyy965mu-b06a94138aa1865bb061ac27f35083eb__0 caption_fullwidth caption_bottom'><div class=\"container caption_container\"><div class=\"slideshow_caption\"><div class=\"slideshow_inner_caption\"><div class=\"slideshow_align_caption\"><h2 class='avia-caption-title '  itemprop=\"name\" >SOLICITUD DE DOCUMENTACI\u00d3N<\/h2><\/div><\/div><\/div><\/div><\/div><img decoding=\"async\" fetchpriority=\"high\" class=\"wp-image-2387 avia-img-lazy-loading-not-2387\"  src=\"https:\/\/www.grc.cat\/wp-content\/uploads\/GRC-banners-petits-docum.jpg\" width=\"1500\" height=\"300\" title='GRC-banners-petits-docum' alt=''  itemprop=\"thumbnailUrl\" srcset=\"https:\/\/www.grc.cat\/wp-content\/uploads\/GRC-banners-petits-docum.jpg 1500w, https:\/\/www.grc.cat\/wp-content\/uploads\/GRC-banners-petits-docum-300x60.jpg 300w, https:\/\/www.grc.cat\/wp-content\/uploads\/GRC-banners-petits-docum-768x154.jpg 768w, https:\/\/www.grc.cat\/wp-content\/uploads\/GRC-banners-petits-docum-1030x206.jpg 1030w, https:\/\/www.grc.cat\/wp-content\/uploads\/GRC-banners-petits-docum-705x141.jpg 705w, https:\/\/www.grc.cat\/wp-content\/uploads\/GRC-banners-petits-docum-450x90.jpg 450w\" sizes=\"(max-width: 1500px) 100vw, 1500px\" \/><\/div><\/li><\/ul><\/div><\/div>\n\n<style type=\"text\/css\" data-created_by=\"avia_inline_auto\" id=\"style-css-av-45vl-4627e7633eeb99ad1e07f2ca8465413f\">\n.avia-section.av-45vl-4627e7633eeb99ad1e07f2ca8465413f{\nbackground-repeat:no-repeat;\nbackground-image:url(https:\/\/www.grc.cat\/wp-content\/uploads\/GRC-construccio-mobil.jpg);\nbackground-position:0% 0%;\nbackground-attachment:scroll;\n}\n<\/style>\n<div id='av_section_1'  class='avia-section av-45vl-4627e7633eeb99ad1e07f2ca8465413f main_color avia-section-default avia-no-border-styling  avia-builder-el-1  el_after_av_slideshow_full  el_before_av_section  av-desktop-hide av-medium-hide avia-full-stretch avia-bg-style-scroll container_wrap fullsize'  data-section-bg-repeat='stretch'><div class='container av-section-cont-open' ><div class='template-page content  av-content-full alpha units'><div class='post-entry post-entry-type-page post-entry-2738'><div class='entry-content-wrapper clearfix'>\n\n<style type=\"text\/css\" data-created_by=\"avia_inline_auto\" id=\"style-css-av-jz1c8vkg-30823448540b9019d8ecea6ee6045c33\">\n#top .av_textblock_section.av-jz1c8vkg-30823448540b9019d8ecea6ee6045c33 .avia_textblock{\ncolor:#ffffff;\n}\n<\/style>\n<section  class='av_textblock_section av-jz1c8vkg-30823448540b9019d8ecea6ee6045c33 '   itemscope=\"itemscope\" itemtype=\"https:\/\/schema.org\/CreativeWork\" ><div class='avia_textblock av_inherit_color'  itemprop=\"text\" ><h1 style=\"text-align: center;\">Solicitudes de documentaci\u00f3n on-line<\/h1>\n<\/div><\/section>\n\n<\/div><\/div><\/div><!-- close content main div --><\/div><\/div><div id='av_section_2'  class='avia-section av-5hcw5-7f1ab98da40135429aef27dc8fb40ab7 main_color avia-section-default avia-no-border-styling  avia-builder-el-3  el_after_av_section  avia-builder-el-last  avia-bg-style-scroll container_wrap fullsize'  ><div class='container av-section-cont-open' ><div class='template-page content  av-content-full alpha units'><div class='post-entry post-entry-type-page post-entry-2738'><div class='entry-content-wrapper clearfix'>\n<div class='flex_column_table av-5cvxp-d2abca0ec13637f511a6a44b3c3c6dba sc-av_one_fifth av-equal-height-column-flextable'>\n<style type=\"text\/css\" data-created_by=\"avia_inline_auto\" id=\"style-css-av-5cvxp-d2abca0ec13637f511a6a44b3c3c6dba\">\n.flex_column.av-5cvxp-d2abca0ec13637f511a6a44b3c3c6dba{\nborder-radius:0px 0px 0px 0px;\npadding:0px 0px 0px 0px;\n}\n<\/style>\n<div  class='flex_column av-5cvxp-d2abca0ec13637f511a6a44b3c3c6dba av_one_fifth  avia-builder-el-4  el_before_av_three_fourth  avia-builder-el-first  first flex_column_table_cell av-equal-height-column av-align-middle av-zero-column-padding  '     ><style type=\"text\/css\" data-created_by=\"avia_inline_auto\" id=\"style-css-av-k5i28q79-58b72c01aa7fa926e154ea93896c52ff\">\n.avia-image-container.av-k5i28q79-58b72c01aa7fa926e154ea93896c52ff img.avia_image{\nbox-shadow:none;\n}\n.avia-image-container.av-k5i28q79-58b72c01aa7fa926e154ea93896c52ff .av-image-caption-overlay-center{\ncolor:#ffffff;\n}\n<\/style>\n<div  class='avia-image-container av-k5i28q79-58b72c01aa7fa926e154ea93896c52ff av-styling- av-hover-grow av-img-linked avia_animated_image av-animated-when-visible-95 pop-up avia-align-center  avia-builder-el-5  avia-builder-el-no-sibling '   itemprop=\"image\" itemscope=\"itemscope\" itemtype=\"https:\/\/schema.org\/ImageObject\" ><div class=\"avia-image-container-inner\"><div class=\"avia-image-overlay-wrap\"><a href=\"https:\/\/www.grc.cat\/es\/documentacion\/aceptacion\/\" class='avia_image '  aria-label='document-acceptacio-ok2'><img decoding=\"async\" fetchpriority=\"high\" class='wp-image-2639 avia-img-lazy-loading-not-2639 avia_image ' src=\"https:\/\/www.grc.cat\/wp-content\/uploads\/document-acceptacio-ok2.png\" alt='' title='document-acceptacio-ok2'  height=\"300\" width=\"300\"  itemprop=\"thumbnailUrl\" srcset=\"https:\/\/www.grc.cat\/wp-content\/uploads\/document-acceptacio-ok2.png 300w, https:\/\/www.grc.cat\/wp-content\/uploads\/document-acceptacio-ok2-80x80.png 80w, https:\/\/www.grc.cat\/wp-content\/uploads\/document-acceptacio-ok2-36x36.png 36w, https:\/\/www.grc.cat\/wp-content\/uploads\/document-acceptacio-ok2-180x180.png 180w, https:\/\/www.grc.cat\/wp-content\/uploads\/document-acceptacio-ok2-120x120.png 120w\" sizes=\"(max-width: 300px) 100vw, 300px\" \/><\/a><\/div><\/div><\/div><\/div><div class='av-flex-placeholder'><\/div>\n<style type=\"text\/css\" data-created_by=\"avia_inline_auto\" id=\"style-css-av-4kj3p-1fd6abef1a384a6f8c0fb273b4d4f033\">\n.flex_column.av-4kj3p-1fd6abef1a384a6f8c0fb273b4d4f033{\nborder-radius:0px 0px 0px 0px;\npadding:0px 0px 0px 0px;\n}\n<\/style>\n<div  class='flex_column av-4kj3p-1fd6abef1a384a6f8c0fb273b4d4f033 av_three_fourth  avia-builder-el-6  el_after_av_one_fifth  el_before_av_one_fifth  flex_column_table_cell av-equal-height-column av-align-middle av-zero-column-padding  '     ><style type=\"text\/css\" data-created_by=\"avia_inline_auto\" id=\"style-css-av-jyzxjcx7-254ba145f6568cad5139d4af1b1a4428\">\n#top .av_textblock_section.av-jyzxjcx7-254ba145f6568cad5139d4af1b1a4428 .avia_textblock{\nfont-size:16px;\n}\n<\/style>\n<section  class='av_textblock_section av-jyzxjcx7-254ba145f6568cad5139d4af1b1a4428 '   itemscope=\"itemscope\" itemtype=\"https:\/\/schema.org\/CreativeWork\" ><div class='avia_textblock av_inherit_color'  itemprop=\"text\" ><h3><a href=\"https:\/\/grc.cat\/es\/documentacion\/aceptacion\/\">Documento de aceptaci\u00f3n<\/a><\/h3>\n<p>El documento de aceptaci\u00f3n de residuos de la construcci\u00f3n o demolici\u00f3n es el documento que el promotor debe presentar al Ayuntamiento al hacer la solicitud de licencia de obras. Para obtenerlo se debe depositar una fianza.<\/p>\n<\/div><\/section><\/div><\/div><!--close column table wrapper. Autoclose: 1 --><div class='flex_column_table av-3tebt-dc1f5ef8edb6edb5644cfe99bf799a47 sc-av_one_fifth av-equal-height-column-flextable'>\n<style type=\"text\/css\" data-created_by=\"avia_inline_auto\" id=\"style-css-av-3tebt-dc1f5ef8edb6edb5644cfe99bf799a47\">\n.flex_column.av-3tebt-dc1f5ef8edb6edb5644cfe99bf799a47{\nborder-radius:0px 0px 0px 0px;\npadding:0px 0px 0px 0px;\n}\n<\/style>\n<div  class='flex_column av-3tebt-dc1f5ef8edb6edb5644cfe99bf799a47 av_one_fifth  avia-builder-el-8  el_after_av_three_fourth  el_before_av_three_fourth  first flex_column_table_cell av-equal-height-column av-align-middle av-zero-column-padding  column-top-margin'     ><style type=\"text\/css\" data-created_by=\"avia_inline_auto\" id=\"style-css-av-k5i28q79-049d6d8acdf958fda7a184216d5d20b5\">\n.avia-image-container.av-k5i28q79-049d6d8acdf958fda7a184216d5d20b5 img.avia_image{\nbox-shadow:none;\n}\n.avia-image-container.av-k5i28q79-049d6d8acdf958fda7a184216d5d20b5 .av-image-caption-overlay-center{\ncolor:#ffffff;\n}\n<\/style>\n<div  class='avia-image-container av-k5i28q79-049d6d8acdf958fda7a184216d5d20b5 av-styling- av-hover-grow av-img-linked avia_animated_image av-animated-when-visible-95 pop-up avia-align-center  avia-builder-el-9  avia-builder-el-no-sibling '   itemprop=\"image\" itemscope=\"itemscope\" itemtype=\"https:\/\/schema.org\/ImageObject\" ><div class=\"avia-image-container-inner\"><div class=\"avia-image-overlay-wrap\"><a href=\"https:\/\/www.grc.cat\/es\/documentacion\/contrato\/\" class='avia_image '  aria-label='document-contracte'><img decoding=\"async\" fetchpriority=\"high\" class='wp-image-2633 avia-img-lazy-loading-not-2633 avia_image ' src=\"https:\/\/www.grc.cat\/wp-content\/uploads\/document-contracte.png\" alt='' title='document-contracte'  height=\"300\" width=\"300\"  itemprop=\"thumbnailUrl\" srcset=\"https:\/\/www.grc.cat\/wp-content\/uploads\/document-contracte.png 300w, https:\/\/www.grc.cat\/wp-content\/uploads\/document-contracte-80x80.png 80w, https:\/\/www.grc.cat\/wp-content\/uploads\/document-contracte-36x36.png 36w, https:\/\/www.grc.cat\/wp-content\/uploads\/document-contracte-180x180.png 180w, https:\/\/www.grc.cat\/wp-content\/uploads\/document-contracte-120x120.png 120w\" sizes=\"(max-width: 300px) 100vw, 300px\" \/><\/a><\/div><\/div><\/div><\/div><div class='av-flex-placeholder'><\/div>\n<style type=\"text\/css\" data-created_by=\"avia_inline_auto\" id=\"style-css-av-32yed-e1ede5979d8c3f6cabad774089d16d8a\">\n.flex_column.av-32yed-e1ede5979d8c3f6cabad774089d16d8a{\nborder-radius:0px 0px 0px 0px;\npadding:0px 0px 0px 0px;\n}\n<\/style>\n<div  class='flex_column av-32yed-e1ede5979d8c3f6cabad774089d16d8a av_three_fourth  avia-builder-el-10  el_after_av_one_fifth  el_before_av_one_fifth  flex_column_table_cell av-equal-height-column av-align-middle av-zero-column-padding  column-top-margin'     ><style type=\"text\/css\" data-created_by=\"avia_inline_auto\" id=\"style-css-av-jyzxjcx7-254ba145f6568cad5139d4af1b1a4428\">\n#top .av_textblock_section.av-jyzxjcx7-254ba145f6568cad5139d4af1b1a4428 .avia_textblock{\nfont-size:16px;\n}\n<\/style>\n<section  class='av_textblock_section av-jyzxjcx7-254ba145f6568cad5139d4af1b1a4428 '   itemscope=\"itemscope\" itemtype=\"https:\/\/schema.org\/CreativeWork\" ><div class='avia_textblock av_inherit_color'  itemprop=\"text\" ><h3 style=\"text-align: left;\"><a href=\"https:\/\/grc.cat\/es\/documentacion\/contrato\/\">Contrato de tratamiento<\/a><\/h3>\n<p style=\"text-align: left;\">El contrato de tratamiento de residuos es el acuerdo entre el productor y el gestor.<\/p>\n<\/div><\/section><\/div><\/div><!--close column table wrapper. Autoclose: 1 --><div class='flex_column_table av-2k289-444d02aae014ac32d0e31cf1f187c6fe sc-av_one_fifth av-equal-height-column-flextable'>\n<style type=\"text\/css\" data-created_by=\"avia_inline_auto\" id=\"style-css-av-2k289-444d02aae014ac32d0e31cf1f187c6fe\">\n.flex_column.av-2k289-444d02aae014ac32d0e31cf1f187c6fe{\nborder-radius:0px 0px 0px 0px;\npadding:0px 0px 0px 0px;\n}\n<\/style>\n<div  class='flex_column av-2k289-444d02aae014ac32d0e31cf1f187c6fe av_one_fifth  avia-builder-el-12  el_after_av_three_fourth  el_before_av_three_fourth  first flex_column_table_cell av-equal-height-column av-align-middle av-zero-column-padding  column-top-margin'     ><style type=\"text\/css\" data-created_by=\"avia_inline_auto\" id=\"style-css-av-k5i28q79-49faf1ff84bea61afac454de133d56db\">\n.avia-image-container.av-k5i28q79-49faf1ff84bea61afac454de133d56db img.avia_image{\nbox-shadow:none;\n}\n.avia-image-container.av-k5i28q79-49faf1ff84bea61afac454de133d56db .av-image-caption-overlay-center{\ncolor:#ffffff;\n}\n<\/style>\n<div  class='avia-image-container av-k5i28q79-49faf1ff84bea61afac454de133d56db av-styling- av-hover-grow av-img-linked avia_animated_image av-animated-when-visible-95 pop-up avia-align-center  avia-builder-el-13  avia-builder-el-no-sibling '   itemprop=\"image\" itemscope=\"itemscope\" itemtype=\"https:\/\/schema.org\/ImageObject\" ><div class=\"avia-image-container-inner\"><div class=\"avia-image-overlay-wrap\"><a href=\"http:\/\/grc.cat\/wp-content\/uploads\/doc_seguiment_runes.docx\" class='avia_image '  aria-label='document-seguiment'><img decoding=\"async\" fetchpriority=\"high\" class='wp-image-2635 avia-img-lazy-loading-not-2635 avia_image ' src=\"https:\/\/www.grc.cat\/wp-content\/uploads\/document-seguiment.png\" alt='' title='document-seguiment'  height=\"300\" width=\"300\"  itemprop=\"thumbnailUrl\" srcset=\"https:\/\/www.grc.cat\/wp-content\/uploads\/document-seguiment.png 300w, https:\/\/www.grc.cat\/wp-content\/uploads\/document-seguiment-80x80.png 80w, https:\/\/www.grc.cat\/wp-content\/uploads\/document-seguiment-36x36.png 36w, https:\/\/www.grc.cat\/wp-content\/uploads\/document-seguiment-180x180.png 180w, https:\/\/www.grc.cat\/wp-content\/uploads\/document-seguiment-120x120.png 120w\" sizes=\"(max-width: 300px) 100vw, 300px\" \/><\/a><\/div><\/div><\/div><\/div><div class='av-flex-placeholder'><\/div>\n<style type=\"text\/css\" data-created_by=\"avia_inline_auto\" id=\"style-css-av-1yme5-d30bab85c2964d92cffa8b4388013785\">\n.flex_column.av-1yme5-d30bab85c2964d92cffa8b4388013785{\nborder-radius:0px 0px 0px 0px;\npadding:0px 0px 0px 0px;\n}\n<\/style>\n<div  class='flex_column av-1yme5-d30bab85c2964d92cffa8b4388013785 av_three_fourth  avia-builder-el-14  el_after_av_one_fifth  el_before_av_one_fifth  flex_column_table_cell av-equal-height-column av-align-middle av-zero-column-padding  column-top-margin'     ><style type=\"text\/css\" data-created_by=\"avia_inline_auto\" id=\"style-css-av-jyzxjcx7-767d5515005c96e099eb81ce8118208a\">\n#top .av_textblock_section.av-jyzxjcx7-767d5515005c96e099eb81ce8118208a .avia_textblock{\nfont-size:16px;\n}\n<\/style>\n<section  class='av_textblock_section av-jyzxjcx7-767d5515005c96e099eb81ce8118208a '   itemscope=\"itemscope\" itemtype=\"https:\/\/schema.org\/CreativeWork\" ><div class='avia_textblock av_inherit_color'  itemprop=\"text\" ><h3 style=\"text-align: left;\"><a href=\"https:\/\/residus.gencat.cat\/web\/.content\/home\/ambits_dactuacio\/tipus_de_residu\/runes_i_altres_residus_de_la_construccio\/doc_seguiment_runes.docx\" target=\"_blank\" rel=\"noopener\">Documento de seguimiento<\/a><\/h3>\n<p style=\"text-align: left;\">Cada transporte de residuos de la construcci\u00f3n o demolici\u00f3n debe constar en un documento de seguimiento de los residuos de la construcci\u00f3n. Se deben hacer dos copias: una para el productor y una para el gestor.<\/p>\n<\/div><\/section><\/div><\/div><!--close column table wrapper. Autoclose: 1 --><div class='flex_column_table av-198np-ab926782c5aa6e4a7eec480eb924eb6d sc-av_one_fifth av-equal-height-column-flextable'>\n<style type=\"text\/css\" data-created_by=\"avia_inline_auto\" id=\"style-css-av-198np-ab926782c5aa6e4a7eec480eb924eb6d\">\n.flex_column.av-198np-ab926782c5aa6e4a7eec480eb924eb6d{\nborder-radius:0px 0px 0px 0px;\npadding:0px 0px 0px 0px;\n}\n<\/style>\n<div  class='flex_column av-198np-ab926782c5aa6e4a7eec480eb924eb6d av_one_fifth  avia-builder-el-16  el_after_av_three_fourth  el_before_av_three_fourth  first flex_column_table_cell av-equal-height-column av-align-middle av-zero-column-padding  column-top-margin'     ><style type=\"text\/css\" data-created_by=\"avia_inline_auto\" id=\"style-css-av-k5i28q79-18b1e22ceec8b2717dd09c063ac88440\">\n.avia-image-container.av-k5i28q79-18b1e22ceec8b2717dd09c063ac88440 img.avia_image{\nbox-shadow:none;\n}\n.avia-image-container.av-k5i28q79-18b1e22ceec8b2717dd09c063ac88440 .av-image-caption-overlay-center{\ncolor:#ffffff;\n}\n<\/style>\n<div  class='avia-image-container av-k5i28q79-18b1e22ceec8b2717dd09c063ac88440 av-styling- av-hover-grow av-img-linked avia_animated_image av-animated-when-visible-95 pop-up avia-align-center  avia-builder-el-17  avia-builder-el-no-sibling '   itemprop=\"image\" itemscope=\"itemscope\" itemtype=\"https:\/\/schema.org\/ImageObject\" ><div class=\"avia-image-container-inner\"><div class=\"avia-image-overlay-wrap\"><a href=\"https:\/\/www.grc.cat\/es\/documentacion\/certificado\/\" class='avia_image '  aria-label='document-certificat'><img decoding=\"async\" fetchpriority=\"high\" class='wp-image-2637 avia-img-lazy-loading-not-2637 avia_image ' src=\"https:\/\/www.grc.cat\/wp-content\/uploads\/document-certificat.png\" alt='' title='document-certificat'  height=\"300\" width=\"300\"  itemprop=\"thumbnailUrl\" srcset=\"https:\/\/www.grc.cat\/wp-content\/uploads\/document-certificat.png 300w, https:\/\/www.grc.cat\/wp-content\/uploads\/document-certificat-80x80.png 80w, https:\/\/www.grc.cat\/wp-content\/uploads\/document-certificat-36x36.png 36w, https:\/\/www.grc.cat\/wp-content\/uploads\/document-certificat-180x180.png 180w, https:\/\/www.grc.cat\/wp-content\/uploads\/document-certificat-120x120.png 120w\" sizes=\"(max-width: 300px) 100vw, 300px\" \/><\/a><\/div><\/div><\/div><\/div><div class='av-flex-placeholder'><\/div>\n<style type=\"text\/css\" data-created_by=\"avia_inline_auto\" id=\"style-css-av-13qid-9b7c1dd6aed4ed0811bbc170ffea37f0\">\n.flex_column.av-13qid-9b7c1dd6aed4ed0811bbc170ffea37f0{\nborder-radius:0px 0px 0px 0px;\npadding:0px 0px 0px 0px;\n}\n<\/style>\n<div  class='flex_column av-13qid-9b7c1dd6aed4ed0811bbc170ffea37f0 av_three_fourth  avia-builder-el-18  el_after_av_one_fifth  el_before_av_hr  flex_column_table_cell av-equal-height-column av-align-middle av-zero-column-padding  column-top-margin'     ><style type=\"text\/css\" data-created_by=\"avia_inline_auto\" id=\"style-css-av-jyzxjcx7-254ba145f6568cad5139d4af1b1a4428\">\n#top .av_textblock_section.av-jyzxjcx7-254ba145f6568cad5139d4af1b1a4428 .avia_textblock{\nfont-size:16px;\n}\n<\/style>\n<section  class='av_textblock_section av-jyzxjcx7-254ba145f6568cad5139d4af1b1a4428 '   itemscope=\"itemscope\" itemtype=\"https:\/\/schema.org\/CreativeWork\" ><div class='avia_textblock av_inherit_color'  itemprop=\"text\" ><h3 style=\"text-align: left;\"><a href=\"https:\/\/grc.cat\/es\/documentacion\/certificado\/\">Certificado de gesti\u00f3n<\/a><\/h3>\n<p style=\"text-align: left;\">El certificado de gesti\u00f3n de tierras, escombros y otros residuos de la construcci\u00f3n es el documento que el gestor entrega al productor\/transportista una vez acabada la obra y es necesario para el retorno de la fianza.<\/p>\n<\/div><\/section><\/div><\/div><!--close column table wrapper. Autoclose: 1 -->\n<style type=\"text\/css\" data-created_by=\"avia_inline_auto\" id=\"style-css-av-k5i0x9ha-6c8b1f3b8d6802ecb8d81ed9beba15c0\">\n#top .hr.hr-invisible.av-k5i0x9ha-6c8b1f3b8d6802ecb8d81ed9beba15c0{\nheight:50px;\n}\n<\/style>\n<div  class='hr av-k5i0x9ha-6c8b1f3b8d6802ecb8d81ed9beba15c0 hr-invisible  avia-builder-el-20  el_after_av_three_fourth  el_before_av_textblock '><span class='hr-inner '><span class=\"hr-inner-style\"><\/span><\/span><\/div>\n\n<style type=\"text\/css\" data-created_by=\"avia_inline_auto\" id=\"style-css-av-jyzxjcx7-c2b40833f5a14b79bdf92da42ff87ac9\">\n#top .av_textblock_section.av-jyzxjcx7-c2b40833f5a14b79bdf92da42ff87ac9 .avia_textblock{\nfont-size:18px;\n}\n<\/style>\n<section  class='av_textblock_section av-jyzxjcx7-c2b40833f5a14b79bdf92da42ff87ac9 '   itemscope=\"itemscope\" itemtype=\"https:\/\/schema.org\/CreativeWork\" ><div class='avia_textblock av_inherit_color'  itemprop=\"text\" ><h3 style=\"text-align: center;\">El servicio de gesti\u00f3n documental se ofrece de forma gratuita.<\/h3>\n<\/div><\/section>\n\n","protected":false},"excerpt":{"rendered":"","protected":false},"author":1,"featured_media":0,"parent":0,"menu_order":0,"comment_status":"closed","ping_status":"closed","template":"","meta":{"_acf_changed":false,"footnotes":""},"class_list":["post-2738","page","type-page","status-publish","hentry"],"acf":[],"_links":{"self":[{"href":"https:\/\/www.grc.cat\/es\/wp-json\/wp\/v2\/pages\/2738","targetHints":{"allow":["GET"]}}],"collection":[{"href":"https:\/\/www.grc.cat\/es\/wp-json\/wp\/v2\/pages"}],"about":[{"href":"https:\/\/www.grc.cat\/es\/wp-json\/wp\/v2\/types\/page"}],"author":[{"embeddable":true,"href":"https:\/\/www.grc.cat\/es\/wp-json\/wp\/v2\/users\/1"}],"replies":[{"embeddable":true,"href":"https:\/\/www.grc.cat\/es\/wp-json\/wp\/v2\/comments?post=2738"}],"version-history":[{"count":6,"href":"https:\/\/www.grc.cat\/es\/wp-json\/wp\/v2\/pages\/2738\/revisions"}],"predecessor-version":[{"id":4874,"href":"https:\/\/www.grc.cat\/es\/wp-json\/wp\/v2\/pages\/2738\/revisions\/4874"}],"wp:attachment":[{"href":"https:\/\/www.grc.cat\/es\/wp-json\/wp\/v2\/media?parent=2738"}],"curies":[{"name":"wp","href":"https:\/\/api.w.org\/{rel}","templated":true}]}}